{"id":71513,"date":"2023-08-02T11:15:00","date_gmt":"2023-08-02T09:15:00","guid":{"rendered":"https:\/\/essmann.com\/waegesoftware-ewp\/"},"modified":"2025-10-21T11:31:51","modified_gmt":"2025-10-21T09:31:51","slug":"waegesoftware-ewp","status":"publish","type":"page","link":"https:\/\/essmann.com\/nl\/waegesoftware-ewp\/","title":{"rendered":"ESSMANN EWP weegsoftware"},"content":{"rendered":"\n<p class=\"has-text-align-center\"><a href=\"https:\/\/essmann.com\/nl\/waegesoftware-ewp-multi-user\/\">EWP Suite<\/a> | <a href=\"https:\/\/essmann.com\/nl\/waegesoftware-ewpsmart-single-user\/\">EWPsmart<\/a> | <a href=\"https:\/\/essmann.com\/nl\/waegesoftware-ewp-bio\/\" data-type=\"page\" data-id=\"30851\">EWP Bio<\/a> | <a href=\"https:\/\/essmann.com\/nl\/waege-app-fuer-das-smartphone\/\" data-type=\"page\" data-id=\"30282\">EWP op afstand<\/a><\/p>\n<div class=\"gb-container gb-container-2bba2800\"><div class=\"gb-inside-container\">\n<div class=\"gb-container gb-container-472e9bd5\" id=\"welcome\"><div class=\"gb-inside-container\">\n<div class=\"gb-grid-wrapper gb-grid-wrapper-a27b11f8\">\n<div class=\"gb-grid-column gb-grid-column-8aba818c\"><div class=\"gb-container gb-container-8aba818c\"><div class=\"gb-inside-container\">\n\n<h2 class=\"gb-headline gb-headline-a151aa39 gb-headline-text\">Het ESSMANN EWP-weegprogramma: weegsoftware van de weegschaalfabrikant - voor veeleisende toepassingen<\/h2>\n\n\n\n<p>ESSMANN | Waagen &amp; Automation biedt u weegsoftware rechtstreeks van de weegschaalfabrikant. Sinds de jaren &#8217;90 ontwikkelen we op basis van onze beproefde EWP weegsoftware oplossingen op maat, zelfs voor veeleisende omgevingen en KRITIS sectoren.   <\/p>\n\n\n\n<p>Onze software is perfect afgestemd op onze hardware. Ons IT-ondersteuningsteam assisteert uw team samen met onze technische ontwikkelingsafdeling. U krijgt dus alles uit \u00e9\u00e9n hand: wegexpertise van de weegcel tot de verbinding met uw ERP-systeem.  <\/p>\n\n\n<div class=\"gb-container gb-container-e06db0fd\"><div class=\"gb-inside-container\">\n<div class=\"gb-grid-wrapper gb-grid-wrapper-3b183dc5\">\n<div class=\"gb-grid-column gb-grid-column-74322eeb\"><div class=\"gb-container gb-container-74322eeb\"><div class=\"gb-inside-container\">\n<div class=\"gb-button-wrapper gb-button-wrapper-4a2269c5\">\n\n<a class=\"gb-button gb-button-1d91d7de gb-button-text button\" href=\"https:\/\/essmann.com\/nl\/contactverdeling\/\">Advies aanvragen<\/a>\n\n<\/div>\n<\/div><\/div><\/div>\n\n<div class=\"gb-grid-column gb-grid-column-37e22675\"><div class=\"gb-container gb-container-37e22675\"><div class=\"gb-inside-container\">\n<div class=\"gb-button-wrapper gb-button-wrapper-838b2356\">\n\n<a class=\"gb-button gb-button-7ce523ef gb-button-text button\" href=\"https:\/\/support.essmann.com\" target=\"_blank\" rel=\"noopener noreferrer\">Contact opnemen met IT-ondersteuning<\/a>\n\n<\/div>\n<\/div><\/div><\/div>\n<\/div>\n<\/div><\/div>\n<\/div><\/div><\/div>\n\n<div class=\"gb-grid-column gb-grid-column-de9949fa\"><div class=\"gb-container gb-container-de9949fa\"><div class=\"gb-inside-container\">\n\n<figure class=\"gb-block-image gb-block-image-75b1a2f8\"><img loading=\"lazy\" decoding=\"async\" width=\"1024\" height=\"683\" class=\"gb-image gb-image-75b1a2f8\" src=\"https:\/\/essmann.com\/wp-content\/uploads\/2023\/03\/branchen_energie-1024x683.jpg\" alt=\"Moderne krachtcentrale\" title=\"Moderne krachtcentrale\" srcset=\"https:\/\/essmann.com\/wp-content\/uploads\/2023\/03\/branchen_energie-1024x683.jpg 1024w, https:\/\/essmann.com\/wp-content\/uploads\/2023\/03\/branchen_energie-300x200.jpg 300w, https:\/\/essmann.com\/wp-content\/uploads\/2023\/03\/branchen_energie-768x512.jpg 768w, https:\/\/essmann.com\/wp-content\/uploads\/2023\/03\/branchen_energie-1536x1024.jpg 1536w, https:\/\/essmann.com\/wp-content\/uploads\/2023\/03\/branchen_energie.jpg 1920w\" sizes=\"auto, (max-width: 1024px) 100vw, 1024px\" \/><\/figure>\n\n<\/div><\/div><\/div>\n<\/div>\n<\/div><\/div>\n<\/div><\/div><div class=\"gb-container gb-container-8bed46f8\"><div class=\"gb-inside-container\">\n<div class=\"gb-grid-wrapper gb-grid-wrapper-c00dc286\">\n<div class=\"gb-grid-column gb-grid-column-2dd4918e\"><div class=\"gb-container gb-container-2dd4918e\"><div class=\"gb-inside-container\">\n\n<h3 class=\"gb-headline gb-headline-09af18bd gb-headline-text\">EWP Suite<\/h3>\n\n\n\n<p class=\"has-white-color has-text-color\">EWP Suite is de aanpasbare multi-user weegsoftware die is ontwikkeld voor veeleisende behoeften van allerlei soorten bedrijven. Het wordt gebruikt met verschillende modules in onder andere energiecentrales, havens, industrieparken, vrachtwagenweegschalen, spoorweegschalen en bulkweegschalen en is modulair ontworpen voor de verschillende toepassingen in de industri\u00eble sector.<\/p>\n\n\n<div class=\"gb-button-wrapper gb-button-wrapper-b3d8fc23\">\n\n<a class=\"gb-button gb-button-0b6f8ef9 gb-button-text button-effect\" href=\"https:\/\/essmann.com\/nl\/waegesoftware-ewp-multi-user\/\">Meer lezen<\/a>\n\n<\/div>\n<\/div><\/div><\/div>\n\n<div class=\"gb-grid-column gb-grid-column-1c4eea71\"><div class=\"gb-container gb-container-1c4eea71\"><div class=\"gb-inside-container\"><\/div><\/div><\/div>\n\n<div class=\"gb-grid-column gb-grid-column-92a71a53\"><div class=\"gb-container gb-container-92a71a53\"><div class=\"gb-inside-container\"><\/div><\/div><\/div>\n\n<div class=\"gb-grid-column gb-grid-column-00c5c342\"><div class=\"gb-container gb-container-00c5c342\"><div class=\"gb-inside-container\">\n\n<h3 class=\"gb-headline gb-headline-5b5b17da gb-headline-text\">EWPsmart<\/h3>\n\n\n\n<p class=\"has-base-3-color has-text-color\">EWPsmart is de gebruiksvriendelijke software voor \u00e9\u00e9n gebruiker voor bedrijven met slechts \u00e9\u00e9n weegstation. Het wordt onder andere gebruikt in recyclingcentra, de landbouw en de grondstoffenhandel en is ontworpen voor vrachtwagenweegschalen. <\/p>\n\n\n\n<p>In de EWPsmart weegsoftware hebben we de basisfuncties uit de <strong><a href=\"https:\/\/essmann.com\/nl\/waegesoftware-ewp-multi-user\/\" data-type=\"page\" data-id=\"29223\">EWP-suite<\/a><\/strong> voor een eenvoudig en kosteneffici\u00ebnt weegproces.<\/p>\n\n\n<div class=\"gb-button-wrapper gb-button-wrapper-fc2c8c91\">\n\n<a class=\"gb-button gb-button-f79ac4a8 gb-button-text button-effect\" href=\"https:\/\/essmann.com\/nl\/waegesoftware-ewpsmart-single-user\/\">Meer lezen<\/a>\n\n<\/div>\n<\/div><\/div><\/div>\n<\/div>\n<\/div><\/div><div class=\"gb-container gb-container-b6820a46\"><div class=\"gb-inside-container\">\n<div class=\"gb-grid-wrapper gb-grid-wrapper-fd39fbc5\">\n<div class=\"gb-grid-column gb-grid-column-bc608788\"><div class=\"gb-container gb-container-bc608788\"><div class=\"gb-inside-container\">\n\n<h3 class=\"gb-headline gb-headline-b3a8a793 gb-headline-text\">EWP Bio<\/h3>\n\n\n\n<p class=\"has-contrast-2-color has-text-color\">EWP Bio is ontwikkeld op basis van onze veelgebruikte weegsoftware <strong><a href=\"https:\/\/essmann.com\/nl\/waegesoftware-ewp-multi-user\/\" data-type=\"page\" data-id=\"29223\">EWP Suite<\/a><\/strong> is speciaal aangepast aan de behoeften van biogasinstallaties en andere agrarische omgevingen.<\/p>\n\n\n<div class=\"gb-button-wrapper gb-button-wrapper-a46c28ec\">\n\n<a class=\"gb-button gb-button-1e23428f gb-button-text button-effect\" href=\"https:\/\/essmann.com\/nl\/waegesoftware-ewp-bio\/\">Meer lezen<\/a>\n\n<\/div>\n<\/div><\/div><\/div>\n\n<div class=\"gb-grid-column gb-grid-column-3405fa27\"><div class=\"gb-container gb-container-3405fa27\"><div class=\"gb-inside-container\"><\/div><\/div><\/div>\n\n<div class=\"gb-grid-column gb-grid-column-6ee6d140\"><div class=\"gb-container gb-container-6ee6d140\"><div class=\"gb-inside-container\"><\/div><\/div><\/div>\n\n<div class=\"gb-grid-column gb-grid-column-1a7a2d30\"><div class=\"gb-container gb-container-1a7a2d30\"><div class=\"gb-inside-container\">\n\n<h3 class=\"gb-headline gb-headline-20390723 gb-headline-text\">EWP afstandsbediening<\/h3>\n\n\n\n<p class=\"has-base-3-color has-text-color\">De <strong>EWA Remote app<\/strong> maakt van je smartphone een slimme afstandsbediening voor ESSMANN weegschalen. Bijzonder praktisch in de landbouw: tijdens het oogsten kunnen de weegschalen gemakkelijk vanuit de bestuurderscabine worden bediend - <g id=\"gid_1\">geen extra apparaat, geen batterijwissel, geen gezoek meer naar de afstandsbediening<\/g>. Eenvoudig, effici\u00ebnt en altijd bij de hand.  <\/p>\n\n\n<div class=\"gb-button-wrapper gb-button-wrapper-4f1a996c\">\n\n<a class=\"gb-button gb-button-9adeea65 gb-button-text button-effect\" href=\"https:\/\/essmann.com\/nl\/waege-app-fuer-das-smartphone\/\">Meer lezen<\/a>\n\n<\/div>\n<\/div><\/div><\/div>\n\n<div class=\"gb-grid-column gb-grid-column-0a5ffc0e\"><div class=\"gb-container gb-container-0a5ffc0e\"><div class=\"gb-inside-container\">\n\n<h3 class=\"gb-headline gb-headline-b15a4918 gb-headline-text\">EWA Vrachtcontrole<\/h3>\n\n\n\n<p class=\"has-base-3-color has-text-color\"><strong>EWA Cargo Control<\/strong> vult de \u279aESSMANN<strong>EWP<\/strong> weegsoftware aan met een mobiele component voor de end-to-end inspectie en documentatie van voertuigladingen. De toepassing op een robuuste industri\u00eble tablet maakt een <strong>wettelijke en effici\u00ebnte materiaalinspectie direct op het voertuig<\/strong> mogelijk - ideaal voor gebruik in <strong>recyclingcentra, afvalenergiecentrales en vergelijkbare faciliteiten<\/strong>. <\/p>\n\n\n<div class=\"gb-button-wrapper gb-button-wrapper-38762489\">\n\n<a class=\"gb-button gb-button-3c3b85b7 gb-button-text button-effect\" href=\"https:\/\/essmann.com\/nl\/essmann-ladungskontrolle\/\">Meer lezen<\/a>\n\n<\/div>\n<\/div><\/div><\/div>\n\n<div class=\"gb-grid-column gb-grid-column-fcb6a59d\"><div class=\"gb-container gb-container-fcb6a59d\"><div class=\"gb-inside-container\"><\/div><\/div><\/div>\n<\/div>\n<\/div><\/div><div class=\"gb-container gb-container-35d92a9f\"><div class=\"gb-inside-container\">\n\n<h2 class=\"gb-headline gb-headline-10afacf4 gb-headline-text\">Neem contact met ons op<\/h2>\n\n\n\n<p class=\"has-text-align-center\">Wilt u meer weten over onze EWP-toepassingen <br\/>voor de industri\u00eble weegsector? <br\/>Neem dan gerust contact met ons op.<\/p>\n\n\n<div class=\"gb-grid-wrapper gb-grid-wrapper-17c65c50\">\n<div class=\"gb-grid-column gb-grid-column-46e07828\"><div class=\"gb-container gb-container-46e07828\"><div class=\"gb-inside-container\">\n<div class=\"gb-button-wrapper gb-button-wrapper-77eee7b0\">\n\n<a class=\"gb-button gb-button-533cd786 gb-button-text button\" href=\"https:\/\/essmann.com\/nl\/contactverdeling\/\">Contact verkoop<\/a>\n\n<\/div>\n<\/div><\/div><\/div>\n<\/div>\n<\/div><\/div>\n<div style=\"height:25px\" aria-hidden=\"true\" class=\"wp-block-spacer\"><\/div>\n<div class=\"gb-container gb-container-1f312e32\">\n\n<div style=\"height:66px\" aria-hidden=\"true\" class=\"wp-block-spacer\"><\/div>\n\n\n\n<div class=\"wp-block-columns is-layout-flex wp-container-core-columns-is-layout-9d6595d7 wp-block-columns-is-layout-flex\">\n<div class=\"wp-block-column is-layout-flow wp-block-column-is-layout-flow\" style=\"flex-basis:25%\"><\/div>\n\n\n\n<div class=\"wp-block-column is-layout-flow wp-block-column-is-layout-flow\" style=\"flex-basis:50%\">\n<h2 class=\"gb-headline gb-headline-a9607d2e gb-headline-text\">Tip voor schaalbouwers: <br>Werfbeheer<\/h2>\n\n\n\n<p class=\"has-text-align-center has-base-3-color has-text-color\">Onze weegsoftware kan deel uitmaken van uw totale werfbeheer. Ontdek meer over onze automatiseringsoplossingen voor werfbeheer, van zelfbediening voor chauffeurs tot routecontrole en belading. <\/p>\n\n\n\n<div style=\"height:17px\" aria-hidden=\"true\" class=\"wp-block-spacer\"><\/div>\n\n\n<div class=\"gb-container gb-container-e3a95bdf\"><div class=\"gb-inside-container\">\n<div class=\"gb-grid-wrapper gb-grid-wrapper-b9da77bc\">\n<div class=\"gb-grid-column gb-grid-column-e37ccb1a\"><div class=\"gb-container gb-container-e37ccb1a\"><div class=\"gb-inside-container\">\n<div class=\"gb-container gb-container-4ca49c14\">\n<div class=\"gb-button-wrapper gb-button-wrapper-5d0c9fe1\">\n\n<a class=\"gb-button gb-button-90720a25 gb-button-text button\" href=\"https:\/\/essmann.com\/nl\/yard-management\/\">ESSMANN Werfmanagement<\/a>\n\n<\/div>\n<\/div>\n<\/div><\/div><\/div>\n<\/div>\n\n\n<div style=\"height:51px\" aria-hidden=\"true\" class=\"wp-block-spacer\"><\/div>\n\n<\/div><\/div><\/div>\n\n\n\n<div class=\"wp-block-column is-layout-flow wp-block-column-is-layout-flow\" style=\"flex-basis:25%\">\n<figure class=\"wp-block-image size-large\"><img loading=\"lazy\" decoding=\"async\" width=\"1024\" height=\"1024\" src=\"https:\/\/essmann.com\/wp-content\/uploads\/2023\/09\/Wagenbauer-Kreis-1024x1024.png\" alt=\"\" class=\"wp-image-29942\" srcset=\"https:\/\/essmann.com\/wp-content\/uploads\/2023\/09\/Wagenbauer-Kreis-1024x1024.png 1024w, https:\/\/essmann.com\/wp-content\/uploads\/2023\/09\/Wagenbauer-Kreis-300x300.png 300w, https:\/\/essmann.com\/wp-content\/uploads\/2023\/09\/Wagenbauer-Kreis-150x150.png 150w, https:\/\/essmann.com\/wp-content\/uploads\/2023\/09\/Wagenbauer-Kreis-768x768.png 768w, https:\/\/essmann.com\/wp-content\/uploads\/2023\/09\/Wagenbauer-Kreis.png 1449w\" sizes=\"auto, (max-width: 1024px) 100vw, 1024px\" \/><\/figure>\n<\/div>\n<\/div>\n\n<\/div><div class=\"gb-container gb-container-24c26d98\"><div class=\"gb-inside-container\">\n\n<div style=\"height:66px\" aria-hidden=\"true\" class=\"wp-block-spacer\"><\/div>\n\n\n\n<div class=\"gb-headline gb-headline-311445a2\"><span class=\"gb-icon\"><svg xmlns=\"http:\/\/www.w3.org\/2000\/svg\" viewbox=\"0 0 60 42.35\"><path d=\"M47.47 15.76c-.12-1.31-.03-4.86 3.37-9.8.26-.37.21-.88-.11-1.19-1.39-1.39-2.25-2.26-2.85-2.87-.79-.81-1.15-1.18-1.68-1.66a.945.945 0 00-1.25-.01c-5.93 5.16-12.52 15.82-11.56 28.89.56 7.67 6.15 13.24 13.3 13.24 7.34 0 13.31-5.97 13.31-13.31 0-7.08-5.56-12.88-12.53-13.29zm-.78 24.72c-6.14 0-10.95-4.84-11.43-11.5-1.07-14.69 7.66-24.23 10.3-26.76.26.25.55.55.98.99.52.53 1.24 1.26 2.32 2.34-4.13 6.36-3.35 10.9-3.01 11.55.16.31.49.52.84.52 6.3 0 11.43 5.13 11.43 11.43S53 40.48 46.69 40.48zM14.17 15.76c-.12-1.3-.03-4.85 3.37-9.8.26-.37.21-.88-.11-1.19-1.38-1.38-2.24-2.26-2.84-2.87C13.8 1.09 13.43.72 12.9.24a.945.945 0 00-1.25-.01C5.73 5.39-.86 16.05.09 29.12c.56 7.67 6.16 13.24 13.31 13.24 7.34 0 13.31-5.97 13.31-13.31-.01-7.08-5.56-12.89-12.54-13.29zm-.77 24.72c-6.14 0-10.95-4.84-11.44-11.5C.89 14.28 9.63 4.74 12.26 2.22c.26.25.55.55.99 1 .52.53 1.23 1.26 2.31 2.34-4.13 6.36-3.35 10.9-3.01 11.55.16.31.5.52.84.52 6.3 0 11.43 5.13 11.43 11.43.01 6.29-5.12 11.42-11.42 11.42z\"><\/path><\/svg><\/span><\/div>\n\n\n\n<h2 class=\"gb-headline gb-headline-9679243c gb-headline-text\">Top! Ik had een softwareprobleem dat het weegprogramma hinderde, maar niets te maken had met de software van de weegtechnologie. Ik werd heel snel en professioneel geholpen - en bang - alles werkte weer perfect!!! We zijn zeer tevreden over zowel het product als de service!  <\/h2>\n\n\n\n<p class=\"gb-headline gb-headline-32577c86 gb-headline-text\">- <em>Birgit Wulff,<a href=\"https:\/\/www.nehlsen.com\/\" target=\"_blank\" rel=\"noreferrer noopener\"> Weger<\/a><\/em><\/p>\n\n\n\n<div style=\"height:72px\" aria-hidden=\"true\" class=\"wp-block-spacer\"><\/div>\n\n\n<div class=\"gb-container gb-container-01d74ca6\">\n<div class=\"gb-button-wrapper gb-button-wrapper-e70217eb\">\n\n<a class=\"gb-button gb-button-3d499b3b gb-button-text button\" href=\"https:\/\/essmann.com\/nl\/contactverdeling\/\">Neem contact op met onze verkoopafdeling<\/a>\n\n<\/div>\n<\/div>\n\n\n<div style=\"height:44px\" aria-hidden=\"true\" class=\"wp-block-spacer\"><\/div>\n\n<\/div><\/div>","protected":false},"excerpt":{"rendered":"<p>EWP Suite | EWPsmart | EWP Bio | EWP op afstand Neem contact met ons op Wilt u meer weten over onze EWP-toepassingen voor de industri\u00eble &#8230; <\/p>\n<p class=\"read-more-container\"><a title=\"ESSMANN EWP weegsoftware\" class=\"read-more button\" href=\"https:\/\/essmann.com\/nl\/waegesoftware-ewp\/#more-71513\" aria-label=\"Lees meer over ESSMANN EWP weegsoftware\">Lees meer<\/a><\/p>\n","protected":false},"author":7,"featured_media":0,"parent":0,"menu_order":0,"comment_status":"closed","ping_status":"closed","template":"","meta":{"_seopress_robots_primary_cat":"","_seopress_titles_title":"ESSMANN | Weegsoftware EWP","_seopress_titles_desc":"De weegapplicaties EWP Suite, EWPsmart en EWP Bio zijn rechtstreeks door de weegschaalfabrikant ontwikkeld voor industrie en landbouw.","_seopress_robots_index":"","_jet_sm_ready_style":"","_jet_sm_style":"","_jet_sm_controls_values":"","_jet_sm_fonts_collection":"","_jet_sm_fonts_links":"","footnotes":""},"class_list":{"0":"post-71513","1":"page","2":"type-page","3":"status-publish","5":"infinite-scroll-item"},"_links":{"self":[{"href":"https:\/\/essmann.com\/nl\/wp-json\/wp\/v2\/pages\/71513","targetHints":{"allow":["GET"]}}],"collection":[{"href":"https:\/\/essmann.com\/nl\/wp-json\/wp\/v2\/pages"}],"about":[{"href":"https:\/\/essmann.com\/nl\/wp-json\/wp\/v2\/types\/page"}],"author":[{"embeddable":true,"href":"https:\/\/essmann.com\/nl\/wp-json\/wp\/v2\/users\/7"}],"replies":[{"embeddable":true,"href":"https:\/\/essmann.com\/nl\/wp-json\/wp\/v2\/comments?post=71513"}],"version-history":[{"count":6,"href":"https:\/\/essmann.com\/nl\/wp-json\/wp\/v2\/pages\/71513\/revisions"}],"predecessor-version":[{"id":104789,"href":"https:\/\/essmann.com\/nl\/wp-json\/wp\/v2\/pages\/71513\/revisions\/104789"}],"wp:attachment":[{"href":"https:\/\/essmann.com\/nl\/wp-json\/wp\/v2\/media?parent=71513"}],"curies":[{"name":"wp","href":"https:\/\/api.w.org\/{rel}","templated":true}]}}