{"id":71557,"date":"2023-08-30T14:04:58","date_gmt":"2023-08-30T12:04:58","guid":{"rendered":"https:\/\/essmann.com\/yard-management\/"},"modified":"2026-04-20T18:51:57","modified_gmt":"2026-04-20T16:51:57","slug":"yard-management","status":"publish","type":"page","link":"https:\/\/essmann.com\/nl\/yard-management\/","title":{"rendered":"ESSMANN Werfmanagement"},"content":{"rendered":"\n<p class=\"has-text-align-center\"><a href=\"https:\/\/essmann.com\/nl\/selbstbedienterminals\/\">Zelfbediening voor chauffeurs<\/a> | <a href=\"https:\/\/essmann.com\/fahrzeugsicherung\/\">barri\u00e8recontrole<\/a> | <a href=\"https:\/\/essmann.com\/nl\/gleiswaagen\/\">nummerplaatherkenning<\/a> | <a href=\"https:\/\/essmann.com\/waagenshop\/\">routecontrole<\/a> | <a href=\"https:\/\/essmann.com\/nl\/rolltorsteuerung\/\">poort- en laadcontrole<\/a><\/p>\n<div class=\"gb-container gb-container-2bba2800\"><div class=\"gb-inside-container\">\n<div class=\"gb-container gb-container-472e9bd5\" id=\"welcome\"><div class=\"gb-inside-container\">\n<div class=\"gb-grid-wrapper gb-grid-wrapper-a27b11f8\">\n<div class=\"gb-grid-column gb-grid-column-8aba818c\"><div class=\"gb-container gb-container-8aba818c\"><div class=\"gb-inside-container\">\n\n<h2 class=\"gb-headline gb-headline-a151aa39 gb-headline-text\">Oplossingen voor effici\u00ebnt werfbeheer<\/h2>\n\n\n\n<p>Werfbeheer, ook bekend als werfbeheer of dockbeheer, speelt een cruciale rol in de controle en organisatie van processen in opslag- en laadgebieden op fabrieksterreinen. Het omvat de planning, co\u00f6rdinatie en controle van middelen zoals inkomende en uitgaande vrachtwagens, trailers, zendingen en personeel binnen het dock en de yard van een fabriek. Geavanceerd werfbeheer verhoogt de effici\u00ebntie.  <\/p>\n\n\n<div class=\"gb-container gb-container-e06db0fd\"><div class=\"gb-inside-container\">\n<div class=\"gb-grid-wrapper gb-grid-wrapper-3b183dc5\">\n<div class=\"gb-grid-column gb-grid-column-74322eeb\"><div class=\"gb-container gb-container-74322eeb\"><div class=\"gb-inside-container\">\n<div class=\"gb-button-wrapper gb-button-wrapper-4a2269c5\">\n\n<a class=\"gb-button gb-button-1d91d7de gb-button-text button\" href=\"https:\/\/essmann.com\/nl\/contactverdeling\/\">Advies aanvragen<\/a>\n\n<\/div>\n<\/div><\/div><\/div>\n<\/div>\n<\/div><\/div>\n<\/div><\/div><\/div>\n\n<div class=\"gb-grid-column gb-grid-column-de9949fa\"><div class=\"gb-container gb-container-de9949fa\"><div class=\"gb-inside-container\">\n\n<figure class=\"gb-block-image gb-block-image-75b1a2f8\"><img loading=\"lazy\" decoding=\"async\" width=\"1920\" height=\"1370\" class=\"gb-image gb-image-75b1a2f8\" src=\"https:\/\/essmann.com\/wp-content\/uploads\/2025\/04\/essmann_yard_managment_system_web.jpg\" alt=\"Bewakingstechnologie voor werfbeheersysteem\" title=\"essmann werfbeheersysteem web\" srcset=\"https:\/\/essmann.com\/wp-content\/uploads\/2025\/04\/essmann_yard_managment_system_web.jpg 1920w, https:\/\/essmann.com\/wp-content\/uploads\/2025\/04\/essmann_yard_managment_system_web-300x214.jpg 300w, https:\/\/essmann.com\/wp-content\/uploads\/2025\/04\/essmann_yard_managment_system_web-1024x731.jpg 1024w, https:\/\/essmann.com\/wp-content\/uploads\/2025\/04\/essmann_yard_managment_system_web-768x548.jpg 768w, https:\/\/essmann.com\/wp-content\/uploads\/2025\/04\/essmann_yard_managment_system_web-1536x1096.jpg 1536w\" sizes=\"auto, (max-width: 1920px) 100vw, 1920px\" \/><\/figure>\n\n<\/div><\/div><\/div>\n<\/div>\n\n\t\n\t\t<div id=\"gs_logo_area_57\" data-sort=\"name\" data-shortcode-id=\"57\" class=\"gs_logo_area gs_logo_area_57 slider1 gs-logo--img-efect_grayscale gs-logo--img-hover-efect_none\" data-options='{\"logo_per_page\":\"6\"}' style=\"opacity: 0; visibility: hidden;\">\n\t\t\t<div class=\"gs_logo_area--inner\">\n\n\t\t\t\t<!-- Category Filters - New (Global) -->\n\t\t\t\t\t\n\t\t\t\t\n<div class=\"gs_logo_container gs_carousel_swiper gs_logo_fix_height_and_center\" data-carousel-config='{\"direction\":\"horizontal\",\"speed\":500,\"isAutoplay\":true,\"autoplayDelay\":2000,\"loop\":true,\"pauseOnHover\":true,\"ticker\":false,\"navs\":false,\"navs_pos\":\"bottom\",\"dots\":true,\"dynamic_dots\":true,\"slideSpace\":10,\"slidesPerGroup\":1,\"desktopLogos\":6,\"tabletLogos\":3,\"mobileLogos\":2,\"reverseDirection\":false}'>\n\n\t\n\t\t\n\t\t\t<div class=\"gs_logo_single--wrapper\">\n\t\t\t\t<div class=\"gs_logo_single\">\n\n\t\t\t\t\t<!-- Logo Img -->\n\t\t\t\t\t<a href=\"https:\/\/www.bt-umwelt.de\/de\/\" target=\"_blank\" rel=\"noopener noreferrer nofollow\"><img loading=\"lazy\" decoding=\"async\" width=\"300\" height=\"300\" src=\"https:\/\/essmann.com\/wp-content\/uploads\/2025\/03\/referenz_bt_bohn_logo.png\" class=\"gs_logo--tooltip tt-placement-top tt-bgcolor-one-%23ff5f6d tt-bgcolor-two-%23ffc371 tt-textcolor-%23fff gs-logo--img wp-post-image\" alt=\"Logo der B+T Group mit farbigen Punkten\" title=\"Umweltdienste Bohn GmbH\" srcset=\"https:\/\/essmann.com\/wp-content\/uploads\/2025\/03\/referenz_bt_bohn_logo.png 300w, https:\/\/essmann.com\/wp-content\/uploads\/2025\/03\/referenz_bt_bohn_logo-150x150.png 150w\" sizes=\"auto, (max-width: 300px) 100vw, 300px\" \/> <\/a>\n\t\t\t\t\t<!-- Logo Title -->\n\t\t\t\t\t\t\t\t\t\t\n\t\t\t\t\t<!-- Logo Category -->\n\t\t\t\t\t\t\t\t\t\t\n\t\t\t\t<\/div>\n\t\t\t<\/div>\n\n\t\t\n\t\t\t<div class=\"gs_logo_single--wrapper\">\n\t\t\t\t<div class=\"gs_logo_single\">\n\n\t\t\t\t\t<!-- Logo Img -->\n\t\t\t\t\t<a href=\"https:\/\/www.hafen-wismar.de\" target=\"_blank\" rel=\"noopener noreferrer nofollow\"><img loading=\"lazy\" decoding=\"async\" width=\"300\" height=\"300\" src=\"https:\/\/essmann.com\/wp-content\/uploads\/2025\/02\/logo_seehafen_wismar.png\" class=\"gs_logo--tooltip tt-placement-top tt-bgcolor-one-%23ff5f6d tt-bgcolor-two-%23ffc371 tt-textcolor-%23fff gs-logo--img wp-post-image\" alt=\"Seehafen Wismar GmbH\" title=\"Seehafen Wismar GmbH\" srcset=\"https:\/\/essmann.com\/wp-content\/uploads\/2025\/02\/logo_seehafen_wismar.png 300w, https:\/\/essmann.com\/wp-content\/uploads\/2025\/02\/logo_seehafen_wismar-150x150.png 150w\" sizes=\"auto, (max-width: 300px) 100vw, 300px\" \/> <\/a>\n\t\t\t\t\t<!-- Logo Title -->\n\t\t\t\t\t\t\t\t\t\t\n\t\t\t\t\t<!-- Logo Category -->\n\t\t\t\t\t\t\t\t\t\t\n\t\t\t\t<\/div>\n\t\t\t<\/div>\n\n\t\t\n\t\t\t<div class=\"gs_logo_single--wrapper\">\n\t\t\t\t<div class=\"gs_logo_single\">\n\n\t\t\t\t\t<!-- Logo Img -->\n\t\t\t\t\t<a href=\"https:\/\/www.seehafen-stralsund.de\" target=\"_blank\" rel=\"noopener noreferrer nofollow\"><img loading=\"lazy\" decoding=\"async\" width=\"300\" height=\"300\" src=\"https:\/\/essmann.com\/wp-content\/uploads\/2025\/03\/referenz_seehafen_stralsund_logo.png\" class=\"gs_logo--tooltip tt-placement-top tt-bgcolor-one-%23ff5f6d tt-bgcolor-two-%23ffc371 tt-textcolor-%23fff gs-logo--img wp-post-image\" alt=\"Blauer Banner mit wei\u00dfem Vogel-Symbol\" title=\"Seehafen Stralsund GmbH\" srcset=\"https:\/\/essmann.com\/wp-content\/uploads\/2025\/03\/referenz_seehafen_stralsund_logo.png 300w, https:\/\/essmann.com\/wp-content\/uploads\/2025\/03\/referenz_seehafen_stralsund_logo-150x150.png 150w\" sizes=\"auto, (max-width: 300px) 100vw, 300px\" \/> <\/a>\n\t\t\t\t\t<!-- Logo Title -->\n\t\t\t\t\t\t\t\t\t\t\n\t\t\t\t\t<!-- Logo Category -->\n\t\t\t\t\t\t\t\t\t\t\n\t\t\t\t<\/div>\n\t\t\t<\/div>\n\n\t\t\n\t\t\t<div class=\"gs_logo_single--wrapper\">\n\t\t\t\t<div class=\"gs_logo_single\">\n\n\t\t\t\t\t<!-- Logo Img -->\n\t\t\t\t\t<a href=\"https:\/\/www.kavg-ml.de\" target=\"_blank\" rel=\"noopener noreferrer nofollow\"><img loading=\"lazy\" decoding=\"async\" width=\"300\" height=\"300\" src=\"https:\/\/essmann.com\/wp-content\/uploads\/2025\/03\/referenz_kavg_logo.png\" class=\"gs_logo--tooltip tt-placement-top tt-bgcolor-one-%23ff5f6d tt-bgcolor-two-%23ffc371 tt-textcolor-%23fff gs-logo--img wp-post-image\" alt=\"Logo mit gr\u00fcnem Text KAVG\" title=\"KreisAbfallVerwertungsGesellschaft mbH Minden-L\u00fcbbecke\" srcset=\"https:\/\/essmann.com\/wp-content\/uploads\/2025\/03\/referenz_kavg_logo.png 300w, https:\/\/essmann.com\/wp-content\/uploads\/2025\/03\/referenz_kavg_logo-150x150.png 150w\" sizes=\"auto, (max-width: 300px) 100vw, 300px\" \/> <\/a>\n\t\t\t\t\t<!-- Logo Title -->\n\t\t\t\t\t\t\t\t\t\t\n\t\t\t\t\t<!-- Logo Category -->\n\t\t\t\t\t\t\t\t\t\t\n\t\t\t\t<\/div>\n\t\t\t<\/div>\n\n\t\t\n\t\t\t<div class=\"gs_logo_single--wrapper\">\n\t\t\t\t<div class=\"gs_logo_single\">\n\n\t\t\t\t\t<!-- Logo Img -->\n\t\t\t\t\t<a href=\"https:\/\/www.jrs.de\/\" target=\"_blank\" rel=\"noopener noreferrer nofollow\"><img loading=\"lazy\" decoding=\"async\" width=\"300\" height=\"300\" src=\"https:\/\/essmann.com\/wp-content\/uploads\/2025\/02\/referenz_jrs_logo.png\" class=\"gs_logo--tooltip tt-placement-top tt-bgcolor-one-%23ff5f6d tt-bgcolor-two-%23ffc371 tt-textcolor-%23fff gs-logo--img wp-post-image\" alt=\"T\u00fcrkisfarbener abstrakter Hintergrund\" title=\"J. Rettenmaier &#038; S\u00f6hne GmbH + Co KG\" srcset=\"https:\/\/essmann.com\/wp-content\/uploads\/2025\/02\/referenz_jrs_logo.png 300w, https:\/\/essmann.com\/wp-content\/uploads\/2025\/02\/referenz_jrs_logo-150x150.png 150w\" sizes=\"auto, (max-width: 300px) 100vw, 300px\" \/> <\/a>\n\t\t\t\t\t<!-- Logo Title -->\n\t\t\t\t\t\t\t\t\t\t\n\t\t\t\t\t<!-- Logo Category -->\n\t\t\t\t\t\t\t\t\t\t\n\t\t\t\t<\/div>\n\t\t\t<\/div>\n\n\t\t\n\t\t\t<div class=\"gs_logo_single--wrapper\">\n\t\t\t\t<div class=\"gs_logo_single\">\n\n\t\t\t\t\t<!-- Logo Img -->\n\t\t\t\t\t<a href=\"https:\/\/www.stadtreiniger.de\" target=\"_blank\" rel=\"noopener noreferrer nofollow\"><img loading=\"lazy\" decoding=\"async\" width=\"300\" height=\"300\" src=\"https:\/\/essmann.com\/wp-content\/uploads\/2025\/03\/referenz_stadtreiniger_logo.png\" class=\"gs_logo--tooltip tt-placement-top tt-bgcolor-one-%23ff5f6d tt-bgcolor-two-%23ffc371 tt-textcolor-%23fff gs-logo--img wp-post-image\" alt=\"Oranges Stadtreiniger-Logo mit Kleeblatt\" title=\"Die Stadtreiniger Kassel\" srcset=\"https:\/\/essmann.com\/wp-content\/uploads\/2025\/03\/referenz_stadtreiniger_logo.png 300w, https:\/\/essmann.com\/wp-content\/uploads\/2025\/03\/referenz_stadtreiniger_logo-150x150.png 150w\" sizes=\"auto, (max-width: 300px) 100vw, 300px\" \/> <\/a>\n\t\t\t\t\t<!-- Logo Title -->\n\t\t\t\t\t\t\t\t\t\t\n\t\t\t\t\t<!-- Logo Category -->\n\t\t\t\t\t\t\t\t\t\t\n\t\t\t\t<\/div>\n\t\t\t<\/div>\n\n\t\t\n\t\t\t<div class=\"gs_logo_single--wrapper\">\n\t\t\t\t<div class=\"gs_logo_single\">\n\n\t\t\t\t\t<!-- Logo Img -->\n\t\t\t\t\t<a href=\"https:\/\/aviretta.com\" target=\"_blank\" rel=\"noopener noreferrer nofollow\"><img loading=\"lazy\" decoding=\"async\" width=\"300\" height=\"300\" src=\"https:\/\/essmann.com\/wp-content\/uploads\/2025\/03\/referenz_aviretta_logo.png\" class=\"gs_logo--tooltip tt-placement-top tt-bgcolor-one-%23ff5f6d tt-bgcolor-two-%23ffc371 tt-textcolor-%23fff gs-logo--img wp-post-image\" alt=\"Logo von Aviretta in Blaut\u00f6nen\" title=\"Aviretta GmbH\" srcset=\"https:\/\/essmann.com\/wp-content\/uploads\/2025\/03\/referenz_aviretta_logo.png 300w, https:\/\/essmann.com\/wp-content\/uploads\/2025\/03\/referenz_aviretta_logo-150x150.png 150w\" sizes=\"auto, (max-width: 300px) 100vw, 300px\" \/> <\/a>\n\t\t\t\t\t<!-- Logo Title -->\n\t\t\t\t\t\t\t\t\t\t\n\t\t\t\t\t<!-- Logo Category -->\n\t\t\t\t\t\t\t\t\t\t\n\t\t\t\t<\/div>\n\t\t\t<\/div>\n\n\t\t\t\t\n\t\n<\/div>\n\t\t\t\t<!-- Pagination -->\n\t\t\t\t\n\t\t\t<\/div>\n\t\t<\/div>\n\t\n\t\t<style>#gs_logo_area_57:not(.verticaltickerdown):not(.verticalticker) .gs_logo_container{margin-left:-5px}#gs_logo_area_57:not(.verticaltickerdown):not(.verticalticker) .gs_logo_container{margin-right:-5px}#gs_logo_area_57:not(.verticaltickerdown):not(.verticalticker) .gs_logo_single--wrapper{padding:5px}#gs_logo_area_57 ul.gs-logo-filter-cats{text-align:center!important}#gs_logo_area_57 .gs_logo_single--wrapper{width:16.666666666667%}@media (max-width:1023px){#gs_logo_area_57 .gs_logo_single--wrapper{width:33.333333333333%}}@media (max-width:767px){#gs_logo_area_57 .gs_logo_single--wrapper{width:50%}}<\/style>\n<\/div><\/div>\n<\/div><\/div><div class=\"gb-container gb-container-8bed46f8\"><div class=\"gb-inside-container\">\n<div class=\"gb-grid-wrapper gb-grid-wrapper-c00dc286\">\n<div class=\"gb-grid-column gb-grid-column-d5d7e744\"><div class=\"gb-container gb-container-d5d7e744\"><div class=\"gb-inside-container\">\n\n<h3 class=\"gb-headline gb-headline-f620b010 gb-headline-text\">Werfbeheer\/werflogistiek<\/h3>\n\n\n\n<p class=\"has-white-color has-text-color\">Effici\u00ebnt werfbeheer optimaliseert alle processen in het depot - van vrachtwagencontrole tot platformco\u00f6rdinatie. Digitale oplossingen verminderen tijd en personeelskosten, minimaliseren fouten en verhogen de doorvoer. Het resultaat: kortere wachttijden, betere planning en snellere ROI. Ontdek meer over de voordelen van slimme logistiek voor werven!   <\/p>\n\n\n<div class=\"gb-button-wrapper gb-button-wrapper-ef26f23e\">\n\n<a class=\"gb-button gb-button-3340f4a1 gb-button-text button-effect\" href=\"https:\/\/essmann.com\/nl\/hofsteuerung-yard-management\/\">Beheer werf<\/a>\n\n<\/div>\n<\/div><\/div><\/div>\n\n<div class=\"gb-grid-column gb-grid-column-92a71a53\"><div class=\"gb-container gb-container-92a71a53\"><div class=\"gb-inside-container\"><\/div><\/div><\/div>\n\n<div class=\"gb-grid-column gb-grid-column-9b177329\"><div class=\"gb-container gb-container-9b177329\"><div class=\"gb-inside-container\"><\/div><\/div><\/div>\n\n<div class=\"gb-grid-column gb-grid-column-00c5c342\"><div class=\"gb-container gb-container-00c5c342\"><div class=\"gb-inside-container\">\n\n<h3 class=\"gb-headline gb-headline-5b5b17da gb-headline-text\">Zelfbediening bestuurder<\/h3>\n\n\n\n<p class=\"has-base-3-color has-text-color\">Zelfwegen versnelt het weegproces en vermindert de wachttijden. Dit leidt tot een hogere doorvoersnelheid op de werf. Aangezien er geen extra personeel nodig is voor het wegen en terminals 24 uur per dag beschikbaar zijn, kan er worden bespaard op arbeidskosten en kunnen piektijden worden vermeden. Door de integratie van rolluik- en laadcontrolesystemen verloopt het hele proces soepel, van de weegschaal tot het laden en lossen bij de uitgang.   <\/p>\n\n\n<div class=\"gb-button-wrapper gb-button-wrapper-fc2c8c91\">\n\n<a class=\"gb-button gb-button-f79ac4a8 gb-button-text button-effect\" href=\"https:\/\/essmann.com\/nl\/selbstbedienterminals\/\">Zelfbediening bestuurder<\/a>\n\n<\/div>\n<\/div><\/div><\/div>\n\n<div class=\"gb-grid-column gb-grid-column-2dd4918e\"><div class=\"gb-container gb-container-2dd4918e\"><div class=\"gb-inside-container\">\n\n<h3 class=\"gb-headline gb-headline-09af18bd gb-headline-text\">Voertuigbeveiliging\/<br>Sluitsysteem<\/h3>\n\n\n\n<p class=\"has-white-color has-text-color\">Automatische slagbomen zijn essentieel voor een betrouwbare controle van geautoriseerde in- en uitgangen op bedrijfsterreinen. Ze bieden speciale oplossingen voor hoogbeveiligde gebieden, zoals T\u00dcV-goedgekeurde slagbomen voor poorten en parkeerplaatsen voor fabrieksingangen en luchthavens. Een barri\u00e8resysteem draagt bij aan de veiligheid en effici\u00ebntie van het werfbeheer.  <\/p>\n\n\n<div class=\"gb-button-wrapper gb-button-wrapper-b3d8fc23\">\n\n<a class=\"gb-button gb-button-0b6f8ef9 gb-button-text button-effect\" href=\"https:\/\/essmann.com\/fahrzeugsicherung\/\">Barri\u00e8recontrole<\/a>\n\n<\/div>\n<\/div><\/div><\/div>\n\n<div class=\"gb-grid-column gb-grid-column-1c4eea71\"><div class=\"gb-container gb-container-1c4eea71\"><div class=\"gb-inside-container\"><\/div><\/div><\/div>\n\n<div class=\"gb-grid-column gb-grid-column-3c8cc19d\"><div class=\"gb-container gb-container-3c8cc19d\"><div class=\"gb-inside-container\"><\/div><\/div><\/div>\n\n<div class=\"gb-grid-column gb-grid-column-0ccb19d9\"><div class=\"gb-container gb-container-0ccb19d9\"><div class=\"gb-inside-container\">\n\n<h3 class=\"gb-headline gb-headline-f0bdec46 gb-headline-text\">Controle van lading\/levering<\/h3>\n\n\n\n<p class=\"has-base-3-color has-text-color\"><br\/>Met <strong>EWA Cargo Control<\/strong> documenteert u elke levering binnen enkele seconden: Foto&#8217;s, materialen, verontreinigingen - alles wordt digitaal geregistreerd, opgeslagen op een wettelijk toegestane manier en centraal beschikbaar. De app optimaliseert het acceptatieproces voor <strong>recyclingcentra, afvalverwerkingsbedrijven en afvalenergiecentrales<\/strong>: minder moeite, meer transparantie, betere controle. Robuust in gebruik, intu\u00eftief te bedienen.  <\/p>\n\n\n<div class=\"gb-button-wrapper gb-button-wrapper-d0faa334\">\n\n<a class=\"gb-button gb-button-e7635d5a gb-button-text button-effect\" href=\"https:\/\/essmann.com\/nl\/essmann-ladungskontrolle\/\">Controle van tanden<\/a>\n\n<\/div>\n<\/div><\/div><\/div>\n\n<div class=\"gb-grid-column gb-grid-column-36ec7696\"><div class=\"gb-container gb-container-36ec7696\"><div class=\"gb-inside-container\">\n\n<h3 class=\"gb-headline gb-headline-6e8b2bd1 gb-headline-text\">Kentekenplaatherkenning<\/h3>\n\n\n\n<p class=\"has-base-3-color has-text-color\">Automatische nummerplaatherkenning en voertuigidentificatie versnellen het voertuigbeheerproces door handmatige gegevensinvoer voorafgaand aan het wegen te verminderen. Chauffeurs en wegers profiteren van snellere en eenvoudigere processen bij het registreren van voertuiggegevens of het reconcili\u00ebren van gegevens. Nummerplaatherkenning maakt automatisering mogelijk van processen zoals het volgen van voertuigen en toegangscontrole op het fabrieksterrein.  <\/p>\n\n\n<div class=\"gb-button-wrapper gb-button-wrapper-5c09bfbc\">\n\n<a class=\"gb-button gb-button-60f30da1 gb-button-text button-effect\" href=\"https:\/\/essmann.com\/nl\/hofsteuerung-kennzeichenerkennung\/\">Kentekenplaatherkenning<\/a>\n\n<\/div>\n<\/div><\/div><\/div>\n\n<div class=\"gb-grid-column gb-grid-column-fc31a2d6\"><div class=\"gb-container gb-container-fc31a2d6\"><div class=\"gb-inside-container\"><\/div><\/div><\/div>\n<\/div>\n<\/div><\/div><div class=\"gb-container gb-container-b6820a46\"><div class=\"gb-inside-container\">\n<div class=\"gb-grid-wrapper gb-grid-wrapper-fd39fbc5\">\n<div class=\"gb-grid-column gb-grid-column-3405fa27\"><div class=\"gb-container gb-container-3405fa27\"><div class=\"gb-inside-container\"><\/div><\/div><\/div>\n\n<div class=\"gb-grid-column gb-grid-column-bc608788\"><div class=\"gb-container gb-container-bc608788\"><div class=\"gb-inside-container\">\n\n<h3 class=\"gb-headline gb-headline-b3a8a793 gb-headline-text\">Routecontrole<\/h3>\n\n\n\n<p class=\"has-base-3-color has-text-color\">Het routecontrole- of werfgeleidingssysteem in werfbeheer houdt zich bezig met de organisatie en co\u00f6rdinatie van alle bewegingen en processen op de werf. Het speelt een beslissende rol in de effici\u00ebnte verbinding van transport, opslag en laden en lossen. De routebesturing van het werfbeheer organiseert, optimaliseert en controleert logistieke stromen om de effici\u00ebntie en productiviteit te verhogen.  <\/p>\n\n\n<div class=\"gb-button-wrapper gb-button-wrapper-a46c28ec\">\n\n<a class=\"gb-button gb-button-1e23428f gb-button-text button-effect\" href=\"https:\/\/essmann.com\/nl\/streckensteuerung\/\">Routecontrole<\/a>\n\n<\/div>\n<\/div><\/div><\/div>\n\n<div class=\"gb-grid-column gb-grid-column-c64e8390\"><div class=\"gb-container gb-container-c64e8390\"><div class=\"gb-inside-container\">\n\n<h3 class=\"gb-headline gb-headline-32f63a95 gb-headline-text\">Deur- en laadcontrole<\/h3>\n\n\n\n<p class=\"has-base-3-color has-text-color\">Effici\u00ebnt werfbeheer vereist een nauwkeurige toewijzing van poorten en real-time beheer van tijdvensters. Dit omvat het co\u00f6rdineren van levertijden en het bewaken en controleren van het leveringsverkeer in het goederenontvangstgebied. Een ander belangrijk aspect van werfbeheer is het beheer van poorten en wachtruimtes voor vrachtwagens.  <\/p>\n\n\n<div class=\"gb-button-wrapper gb-button-wrapper-20ba9a11\">\n\n<a class=\"gb-button gb-button-f650bdbd gb-button-text button-effect\" href=\"https:\/\/essmann.com\/nl\/rolltorsteuerung\/\">Deur- en laadcontrole<\/a>\n\n<\/div>\n<\/div><\/div><\/div>\n\n<div class=\"gb-grid-column gb-grid-column-e03d1ef9\"><div class=\"gb-container gb-container-e03d1ef9\"><div class=\"gb-inside-container\"><\/div><\/div><\/div>\n<\/div>\n<\/div><\/div><div class=\"gb-container gb-container-24c26d98\"><div class=\"gb-inside-container\">\n\n<div style=\"height:66px\" aria-hidden=\"true\" class=\"wp-block-spacer\"><\/div>\n\n\n\n<div class=\"gb-headline gb-headline-311445a2\"><span class=\"gb-icon\"><svg xmlns=\"http:\/\/www.w3.org\/2000\/svg\" viewbox=\"0 0 60 42.35\"><path d=\"M47.47 15.76c-.12-1.31-.03-4.86 3.37-9.8.26-.37.21-.88-.11-1.19-1.39-1.39-2.25-2.26-2.85-2.87-.79-.81-1.15-1.18-1.68-1.66a.945.945 0 00-1.25-.01c-5.93 5.16-12.52 15.82-11.56 28.89.56 7.67 6.15 13.24 13.3 13.24 7.34 0 13.31-5.97 13.31-13.31 0-7.08-5.56-12.88-12.53-13.29zm-.78 24.72c-6.14 0-10.95-4.84-11.43-11.5-1.07-14.69 7.66-24.23 10.3-26.76.26.25.55.55.98.99.52.53 1.24 1.26 2.32 2.34-4.13 6.36-3.35 10.9-3.01 11.55.16.31.49.52.84.52 6.3 0 11.43 5.13 11.43 11.43S53 40.48 46.69 40.48zM14.17 15.76c-.12-1.3-.03-4.85 3.37-9.8.26-.37.21-.88-.11-1.19-1.38-1.38-2.24-2.26-2.84-2.87C13.8 1.09 13.43.72 12.9.24a.945.945 0 00-1.25-.01C5.73 5.39-.86 16.05.09 29.12c.56 7.67 6.16 13.24 13.31 13.24 7.34 0 13.31-5.97 13.31-13.31-.01-7.08-5.56-12.89-12.54-13.29zm-.77 24.72c-6.14 0-10.95-4.84-11.44-11.5C.89 14.28 9.63 4.74 12.26 2.22c.26.25.55.55.99 1 .52.53 1.23 1.26 2.31 2.34-4.13 6.36-3.35 10.9-3.01 11.55.16.31.5.52.84.52 6.3 0 11.43 5.13 11.43 11.43.01 6.29-5.12 11.42-11.42 11.42z\"><\/path><\/svg><\/span><\/div>\n\n\n\n<h2 class=\"gb-headline gb-headline-9679243c gb-headline-text\">We werken sinds kort samen met ESSMANN op het gebied van arbeidsveiligheid en zijn zeer tevreden! Alle medewerkers die we hebben leren kennen, zijn uiterst competent en vriendelijk. We kijken ernaar uit om in de toekomst met hen samen te werken.  <\/h2>\n\n\n\n<p class=\"gb-headline gb-headline-32577c86 gb-headline-text\">- <em>Christopher Schulz, Specialist Arbeidsveiligheid, <a href=\"https:\/\/www.nehlsen.com\/\" target=\"_blank\" rel=\"noreferrer noopener\">Asikoo GmbH<\/a><\/em><\/p>\n\n\n\n<div style=\"height:23px\" aria-hidden=\"true\" class=\"wp-block-spacer\"><\/div>\n\n\n\n<div style=\"height:11px\" aria-hidden=\"true\" class=\"wp-block-spacer\"><\/div>\n\n<\/div><\/div><div class=\"gb-container gb-container-cd5c3d06\"><div class=\"gb-inside-container\">\n\n<h2 class=\"gb-headline gb-headline-10afacf4 gb-headline-text\">Neem contact met ons op<\/h2>\n\n\n\n<p class=\"has-text-align-center\">Wilt u meer weten over onze oplossingen <br\/>voor de industri\u00eble weegsector? <br\/>Neem dan gerust contact met ons op.<\/p>\n\n\n<div class=\"gb-grid-wrapper gb-grid-wrapper-818a7c35\">\n<div class=\"gb-grid-column gb-grid-column-8840ee1f\"><div class=\"gb-container gb-container-8840ee1f\"><div class=\"gb-inside-container\">\n<div class=\"gb-button-wrapper gb-button-wrapper-f2b63f87\">\n\n<a class=\"gb-button gb-button-7938b182 gb-button-text button\" href=\"https:\/\/essmann.com\/nl\/contactverdeling\/\">Contact verkoop<\/a>\n\n<\/div>\n<\/div><\/div><\/div>\n<\/div>\n<\/div><\/div>","protected":false},"excerpt":{"rendered":"<p>Zelfbediening voor chauffeurs | barri\u00e8recontrole | nummerplaatherkenning | routecontrole | poort- en laadcontrole We werken sinds kort samen met ESSMANN op het gebied van arbeidsveiligheid en &#8230; <\/p>\n<p class=\"read-more-container\"><a title=\"ESSMANN Werfmanagement\" class=\"read-more button\" href=\"https:\/\/essmann.com\/nl\/yard-management\/#more-71557\" aria-label=\"Lees meer over ESSMANN Werfmanagement\">Lees meer<\/a><\/p>\n","protected":false},"author":7,"featured_media":0,"parent":0,"menu_order":0,"comment_status":"closed","ping_status":"closed","template":"","meta":{"_seopress_robots_primary_cat":"","_seopress_titles_title":"Werfbeheer: inchecken en werfcontrole vanaf de ingangsweegschalen","_seopress_titles_desc":"Effici\u00ebnt werfbeheer: Regel het verkeer en de processen op uw bedrijfsterrein veilig en effectief vanaf de ingangsweegbrug.","_seopress_robots_index":"","_jet_sm_ready_style":"","_jet_sm_style":"","_jet_sm_controls_values":"","_jet_sm_fonts_collection":"","_jet_sm_fonts_links":"","footnotes":""},"class_list":{"0":"post-71557","1":"page","2":"type-page","3":"status-publish","5":"infinite-scroll-item"},"_links":{"self":[{"href":"https:\/\/essmann.com\/nl\/wp-json\/wp\/v2\/pages\/71557","targetHints":{"allow":["GET"]}}],"collection":[{"href":"https:\/\/essmann.com\/nl\/wp-json\/wp\/v2\/pages"}],"about":[{"href":"https:\/\/essmann.com\/nl\/wp-json\/wp\/v2\/types\/page"}],"author":[{"embeddable":true,"href":"https:\/\/essmann.com\/nl\/wp-json\/wp\/v2\/users\/7"}],"replies":[{"embeddable":true,"href":"https:\/\/essmann.com\/nl\/wp-json\/wp\/v2\/comments?post=71557"}],"version-history":[{"count":11,"href":"https:\/\/essmann.com\/nl\/wp-json\/wp\/v2\/pages\/71557\/revisions"}],"predecessor-version":[{"id":189274,"href":"https:\/\/essmann.com\/nl\/wp-json\/wp\/v2\/pages\/71557\/revisions\/189274"}],"wp:attachment":[{"href":"https:\/\/essmann.com\/nl\/wp-json\/wp\/v2\/media?parent=71557"}],"curies":[{"name":"wp","href":"https:\/\/api.w.org\/{rel}","templated":true}]}}