{"id":71560,"date":"2023-09-08T13:28:12","date_gmt":"2023-09-08T11:28:12","guid":{"rendered":"https:\/\/essmann.com\/streckensteuerung\/"},"modified":"2025-03-26T14:47:11","modified_gmt":"2025-03-26T13:47:11","slug":"streckensteuerung","status":"publish","type":"page","link":"https:\/\/essmann.com\/nl\/streckensteuerung\/","title":{"rendered":"ESSMANN werfgeleidingssystemen"},"content":{"rendered":"<div class=\"gb-container gb-container-8fe510c5\"><div class=\"gb-inside-container\">\n<div class=\"gb-grid-wrapper gb-grid-wrapper-fcc0f283\">\n<div class=\"gb-grid-column gb-grid-column-18445106\"><div class=\"gb-container gb-container-18445106\"><div class=\"gb-inside-container\">\n\n<figure class=\"wp-block-image size-full right-border img\"><img loading=\"lazy\" decoding=\"async\" width=\"1280\" height=\"853\" src=\"https:\/\/essmann.com\/wp-content\/uploads\/2024\/03\/20240418_ZAS_MHKW_Darmstadt_0543.jpg\" alt=\"ESSMANN zelfbedieningszuil met draaibare spiegelverlichting\" class=\"wp-image-31614\" srcset=\"https:\/\/essmann.com\/wp-content\/uploads\/2024\/03\/20240418_ZAS_MHKW_Darmstadt_0543.jpg 1280w, https:\/\/essmann.com\/wp-content\/uploads\/2024\/03\/20240418_ZAS_MHKW_Darmstadt_0543-300x200.jpg 300w, https:\/\/essmann.com\/wp-content\/uploads\/2024\/03\/20240418_ZAS_MHKW_Darmstadt_0543-1024x682.jpg 1024w, https:\/\/essmann.com\/wp-content\/uploads\/2024\/03\/20240418_ZAS_MHKW_Darmstadt_0543-768x512.jpg 768w\" sizes=\"auto, (max-width: 1280px) 100vw, 1280px\" \/><figcaption class=\"wp-element-caption\">ESSMANN zelfbedieningszuil met draaibare spiegelverlichting<\/figcaption><\/figure>\n\n<\/div><\/div><\/div>\n\n<div class=\"gb-grid-column gb-grid-column-3134f121\"><div class=\"gb-container gb-container-3134f121\"><div class=\"gb-inside-container\">\n\n<h2 class=\"gb-headline gb-headline-038af88d gb-headline-text\">Effici\u00ebnte routebesturing als werfbegeleidingssysteem: veiligheid en productiviteit op bedrijfsterreinen<\/h2>\n\n\n\n<div class=\"gb-headline gb-headline-faaf52f3\"><span class=\"gb-icon\"><svg xmlns=\"http:\/\/www.w3.org\/2000\/svg\" viewbox=\"0 0 36.7 3\"><path d=\"M0 0h36.7v3H0z\"><\/path><\/svg><\/span><\/div>\n\n\n\n<p>Van de afvalenergiecentrale tot het recyclingcentrum tot de haven - een soepele logistiek op het bedrijfsterrein is cruciaal voor de activiteiten en de naleving van veiligheids- en milieunormen. Routecontrole speelt hierbij een centrale rol, omdat het transport van materialen, goederen en voertuigen wordt geco\u00f6rdineerd en geoptimaliseerd. ESSMANN biedt verschillende oplossingen voor een veilige en effici\u00ebnte werfgeleiding op het bedrijfsterrein.  <\/p>\n\n\n\n<p>Een goed doordacht routecontrolesysteem biedt operators tal van voordelen:<\/p>\n\n\n\n<ul class=\"wp-block-list\">\n<li><strong>Verbeterde veiligheid: <\/strong>door het verkeer tot een minimum te beperken en voetgangers- en rijroutes duidelijk te markeren, wordt het risico op ongevallen en verwondingen aanzienlijk verkleind.<br\/><\/li>\n\n\n\n<li><strong>Verhoogde effici\u00ebntie: <\/strong>Geoptimaliseerde transportroutes en effici\u00ebnte materiaalstromen leiden tot kortere transporttijden, lagere bedrijfskosten en een hogere productiviteit.<br\/><\/li>\n\n\n\n<li><strong>Minder milieurisico: <\/strong>Het vermijden van onnodig verkeer en stofontwikkeling helpt de uitstoot te verminderen en te voldoen aan milieunormen.<br\/><\/li>\n\n\n\n<li><strong>Verbeterde transparantie:<\/strong> De volledige bewaking van de materiaalstroom betekent dat het hele proces beter gecontroleerd en geoptimaliseerd kan worden.<br\/><\/li>\n\n\n\n<li><strong>Verhoogd concurrentievermogen: <\/strong>Effici\u00ebnte activiteiten en naleving van veiligheids- en milieunormen dragen bij aan een positief bedrijfsimago en versterken het concurrentievermogen.<\/li>\n<\/ul>\n\n\n\n<p>De keuze van een geschikt spoorcontrolesysteem voor een fabrieksterrein hangt af van verschillende factoren, zoals de grootte van het terrein, het type materialen, de logistieke vereisten en het budget. Hier volgen enkele veelgebruikte oplossingen: <\/p>\n\n\n\n<ul class=\"wp-block-list\">\n<li><strong>Handmatige besturing: <\/strong>Werknemers co\u00f6rdineren het transport van materialen met behulp van radio&#8217;s of visuele signalen. Deze methode is kosteneffectief, maar vereist veel aandacht en discipline. <br\/><\/li>\n\n\n\n<li><strong>Semi-automatische besturing:<\/strong> Systemen ondersteunen handmatige besturing met sensoren, geleidingssystemen en automatische schakelaars, wat leidt tot meer effici\u00ebntie en veiligheid.<br\/><\/li>\n\n\n\n<li><strong>Volledig geautomatiseerde besturing:<\/strong> Systemen besturen de volledige materiaalstroom met behulp van computers, sensoren en actuatoren, wat maximale effici\u00ebntie en veiligheid biedt, maar hoge initi\u00eble investeringen en technische expertise vereist.<\/li>\n<\/ul>\n\n\n\n<p>Veilige en effici\u00ebnte lijnbesturing is essentieel voor moderne industri\u00eble locaties. Door de juiste oplossing te kiezen en moderne technologie\u00ebn te implementeren, kunnen bedrijven de veiligheid en effici\u00ebntie van hun faciliteiten verbeteren, voldoen aan milieunormen, kosten verlagen en hun concurrentievermogen versterken. <\/p>\n\n\n<div class=\"gb-container gb-container-e06db0fd\"><div class=\"gb-inside-container\">\n<div class=\"gb-grid-wrapper gb-grid-wrapper-3b183dc5\">\n<div class=\"gb-grid-column gb-grid-column-74322eeb\"><div class=\"gb-container gb-container-74322eeb\"><div class=\"gb-inside-container\">\n<div class=\"gb-button-wrapper gb-button-wrapper-4a2269c5\">\n\n<a class=\"gb-button gb-button-1d91d7de gb-button-text button\" href=\"https:\/\/essmann.com\/nl\/contactverdeling\/\">Laat onze ingenieurs u adviseren<\/a>\n\n<\/div>\n<\/div><\/div><\/div>\n<\/div>\n<\/div><\/div>\n<\/div><\/div><\/div>\n<\/div>\n\n\n<figure class=\"wp-block-image size-large is-resized\"><img loading=\"lazy\" decoding=\"async\" width=\"1024\" height=\"768\" src=\"https:\/\/essmann.com\/wp-content\/uploads\/2024\/03\/Kennzeichen_LKW-1024x768.jpg\" alt=\"Automatische nummerplaatherkenning op de weegbrug\" class=\"wp-image-31437\" style=\"width:1280px\" srcset=\"https:\/\/essmann.com\/wp-content\/uploads\/2024\/03\/Kennzeichen_LKW-1024x768.jpg 1024w, https:\/\/essmann.com\/wp-content\/uploads\/2024\/03\/Kennzeichen_LKW-300x225.jpg 300w, https:\/\/essmann.com\/wp-content\/uploads\/2024\/03\/Kennzeichen_LKW-768x576.jpg 768w, https:\/\/essmann.com\/wp-content\/uploads\/2024\/03\/Kennzeichen_LKW.jpg 1278w\" sizes=\"auto, (max-width: 1024px) 100vw, 1024px\" \/><figcaption class=\"wp-element-caption\">Ingangsgebied met weegbrug, slagboom en camera voor nummerplaatherkenning  <\/figcaption><\/figure>\n\n<\/div><\/div><div class=\"gb-container gb-container-6b8913d6\"><div class=\"gb-inside-container\">\n<div class=\"gb-grid-wrapper gb-grid-wrapper-1c730319\">\n<div class=\"gb-grid-column gb-grid-column-c3dc5ce0\"><div class=\"gb-container gb-container-c3dc5ce0\"><div class=\"gb-inside-container\">\n\n<figure class=\"wp-block-image size-large\"><img loading=\"lazy\" decoding=\"async\" width=\"1024\" height=\"682\" src=\"https:\/\/essmann.com\/wp-content\/uploads\/2024\/03\/20240319_ZAS_MHKW_Darmstadt_0595-1024x682.jpg\" alt=\"ESSMANN lijnbesturing\" class=\"wp-image-31623\" srcset=\"https:\/\/essmann.com\/wp-content\/uploads\/2024\/03\/20240319_ZAS_MHKW_Darmstadt_0595-1024x682.jpg 1024w, https:\/\/essmann.com\/wp-content\/uploads\/2024\/03\/20240319_ZAS_MHKW_Darmstadt_0595-300x200.jpg 300w, https:\/\/essmann.com\/wp-content\/uploads\/2024\/03\/20240319_ZAS_MHKW_Darmstadt_0595-768x512.jpg 768w, https:\/\/essmann.com\/wp-content\/uploads\/2024\/03\/20240319_ZAS_MHKW_Darmstadt_0595.jpg 1280w\" sizes=\"auto, (max-width: 1024px) 100vw, 1024px\" \/><figcaption class=\"wp-element-caption\">ESSMANN lijnbesturing<\/figcaption><\/figure>\n\n<\/div><\/div><\/div>\n\n<div class=\"gb-grid-column gb-grid-column-24f952d1\"><div class=\"gb-container gb-container-24f952d1\"><div class=\"gb-inside-container\">\n\n<figure class=\"wp-block-image size-full\"><img loading=\"lazy\" decoding=\"async\" width=\"1280\" height=\"853\" src=\"https:\/\/essmann.com\/wp-content\/uploads\/2024\/03\/20230629_HAW_Nauen_Fernanzeige_sas_0005.jpg\" alt=\"Gewichtsweergave op afstand\" class=\"wp-image-31687\" style=\"aspect-ratio:3\/2;object-fit:contain\" srcset=\"https:\/\/essmann.com\/wp-content\/uploads\/2024\/03\/20230629_HAW_Nauen_Fernanzeige_sas_0005.jpg 1280w, https:\/\/essmann.com\/wp-content\/uploads\/2024\/03\/20230629_HAW_Nauen_Fernanzeige_sas_0005-300x200.jpg 300w, https:\/\/essmann.com\/wp-content\/uploads\/2024\/03\/20230629_HAW_Nauen_Fernanzeige_sas_0005-1024x682.jpg 1024w, https:\/\/essmann.com\/wp-content\/uploads\/2024\/03\/20230629_HAW_Nauen_Fernanzeige_sas_0005-768x512.jpg 768w\" sizes=\"auto, (max-width: 1280px) 100vw, 1280px\" \/><figcaption class=\"wp-element-caption\">Gewichtsweergave op afstand<\/figcaption><\/figure>\n\n<\/div><\/div><\/div>\n<\/div>\n<\/div><\/div><div class=\"gb-container gb-container-1f312e32\">\n\n<div style=\"height:66px\" aria-hidden=\"true\" class=\"wp-block-spacer\"><\/div>\n\n\n\n<div class=\"wp-block-columns is-layout-flex wp-container-core-columns-is-layout-9d6595d7 wp-block-columns-is-layout-flex\">\n<div class=\"wp-block-column is-layout-flow wp-block-column-is-layout-flow\" style=\"flex-basis:25%\"><\/div>\n\n\n\n<div class=\"wp-block-column is-layout-flow wp-block-column-is-layout-flow\" style=\"flex-basis:50%\">\n<h2 class=\"gb-headline gb-headline-a9607d2e gb-headline-text\">Bouwtip: kentekenherkenning<\/h2>\n\n\n\n<p class=\"has-text-align-center has-base-3-color has-text-color\">De ideale aanvulling op gericht werfbeheer is automatische nummerplaatherkenning om de controle van voertuigen op de werf te ondersteunen.<\/p>\n\n\n\n<div style=\"height:17px\" aria-hidden=\"true\" class=\"wp-block-spacer\"><\/div>\n\n\n<div class=\"gb-container gb-container-e9e991f0\"><div class=\"gb-inside-container\">\n<div class=\"gb-grid-wrapper gb-grid-wrapper-b340bdca\">\n<div class=\"gb-grid-column gb-grid-column-f93df48c\"><div class=\"gb-container gb-container-f93df48c\"><div class=\"gb-inside-container\">\n<div class=\"gb-container gb-container-4ca49c14\">\n<div class=\"gb-button-wrapper gb-button-wrapper-5d0c9fe1\">\n\n<a class=\"gb-button gb-button-90720a25 gb-button-text button\" href=\"https:\/\/essmann.com\/essmann-kennzeichenerkennung\/\">Voor kentekenherkenning<\/a>\n\n<\/div>\n<\/div>\n<\/div><\/div><\/div>\n<\/div>\n<\/div><\/div>\n\n\n<div style=\"height:40px\" aria-hidden=\"true\" class=\"wp-block-spacer\"><\/div>\n<\/div>\n\n\n\n<div class=\"wp-block-column is-layout-flow wp-block-column-is-layout-flow\" style=\"flex-basis:25%\">\n<figure class=\"wp-block-image size-large\"><img loading=\"lazy\" decoding=\"async\" width=\"1024\" height=\"1024\" src=\"https:\/\/essmann.com\/wp-content\/uploads\/2023\/09\/Wagenbauer-Kreis-1024x1024.png\" alt=\"\" class=\"wp-image-29942\" srcset=\"https:\/\/essmann.com\/wp-content\/uploads\/2023\/09\/Wagenbauer-Kreis-1024x1024.png 1024w, https:\/\/essmann.com\/wp-content\/uploads\/2023\/09\/Wagenbauer-Kreis-300x300.png 300w, https:\/\/essmann.com\/wp-content\/uploads\/2023\/09\/Wagenbauer-Kreis-150x150.png 150w, https:\/\/essmann.com\/wp-content\/uploads\/2023\/09\/Wagenbauer-Kreis-768x768.png 768w, https:\/\/essmann.com\/wp-content\/uploads\/2023\/09\/Wagenbauer-Kreis.png 1449w\" sizes=\"auto, (max-width: 1024px) 100vw, 1024px\" \/><\/figure>\n<\/div>\n<\/div>\n\n<\/div><div class=\"gb-container gb-container-90fa2ac6\"><div class=\"gb-inside-container\">\n<div class=\"gb-grid-wrapper gb-grid-wrapper-37849c8c\">\n<div class=\"gb-grid-column gb-grid-column-bc7606e5\"><div class=\"gb-container gb-container-bc7606e5\"><div class=\"gb-inside-container\">\n<div class=\"gb-button-wrapper gb-button-wrapper-fd36d5f6\">\n\n<a class=\"gb-button gb-button-53a43c9a gb-button-text button\" href=\"https:\/\/essmann.com\/nl\/contactverdeling\/\">Neem contact op met de verkoopafdeling<\/a>\n\n<\/div>\n\n<div class=\"gb-button-wrapper gb-button-wrapper-f984b318\">\n\n<a class=\"gb-button gb-button-b50cf53d gb-button-text button\" href=\"https:\/\/essmann.com\/nl\/automation\/\">Terug naar overzicht<\/a>\n\n<\/div>\n<\/div><\/div><\/div>\n<\/div>\n<\/div><\/div>","protected":false},"excerpt":{"rendered":"<p>Bouwtip: kentekenherkenning De ideale aanvulling op gericht werfbeheer is automatische nummerplaatherkenning om de controle van voertuigen op de werf te ondersteunen.<\/p>\n","protected":false},"author":7,"featured_media":0,"parent":0,"menu_order":0,"comment_status":"closed","ping_status":"closed","template":"","meta":{"_seopress_robots_primary_cat":"","_seopress_titles_title":"","_seopress_titles_desc":"Verhoog de veiligheid en effici\u00ebntie op uw terrein met de moderne werfgeleidingssystemen van ESSMANN. Optimale logistiek en milieubescherming! ","_seopress_robots_index":"","_jet_sm_ready_style":"","_jet_sm_style":"","_jet_sm_controls_values":"","_jet_sm_fonts_collection":"","_jet_sm_fonts_links":"","footnotes":""},"class_list":{"0":"post-71560","1":"page","2":"type-page","3":"status-publish","5":"infinite-scroll-item"},"_links":{"self":[{"href":"https:\/\/essmann.com\/nl\/wp-json\/wp\/v2\/pages\/71560","targetHints":{"allow":["GET"]}}],"collection":[{"href":"https:\/\/essmann.com\/nl\/wp-json\/wp\/v2\/pages"}],"about":[{"href":"https:\/\/essmann.com\/nl\/wp-json\/wp\/v2\/types\/page"}],"author":[{"embeddable":true,"href":"https:\/\/essmann.com\/nl\/wp-json\/wp\/v2\/users\/7"}],"replies":[{"embeddable":true,"href":"https:\/\/essmann.com\/nl\/wp-json\/wp\/v2\/comments?post=71560"}],"version-history":[{"count":1,"href":"https:\/\/essmann.com\/nl\/wp-json\/wp\/v2\/pages\/71560\/revisions"}],"predecessor-version":[{"id":71563,"href":"https:\/\/essmann.com\/nl\/wp-json\/wp\/v2\/pages\/71560\/revisions\/71563"}],"wp:attachment":[{"href":"https:\/\/essmann.com\/nl\/wp-json\/wp\/v2\/media?parent=71560"}],"curies":[{"name":"wp","href":"https:\/\/api.w.org\/{rel}","templated":true}]}}