{"id":71573,"date":"2023-07-13T14:14:46","date_gmt":"2023-07-13T12:14:46","guid":{"rendered":"https:\/\/essmann.com\/uic-nummernerkennung-waggons\/"},"modified":"2025-03-26T14:47:07","modified_gmt":"2025-03-26T13:47:07","slug":"uic-nummernerkennung-waggons","status":"publish","type":"page","link":"https:\/\/essmann.com\/nl\/uic-nummernerkennung-waggons\/","title":{"rendered":"ESSMANN UIC-nummerherkenning"},"content":{"rendered":"<div class=\"gb-container gb-container-8fe510c5\"><div class=\"gb-inside-container\">\n<div class=\"gb-grid-wrapper gb-grid-wrapper-fcc0f283\">\n<div class=\"gb-grid-column gb-grid-column-18445106\"><div class=\"gb-container gb-container-18445106\"><div class=\"gb-inside-container\">\n\n<figure class=\"wp-block-image size-large is-resized right-border img\"><img loading=\"lazy\" decoding=\"async\" width=\"768\" height=\"1024\" src=\"https:\/\/essmann.com\/wp-content\/uploads\/2024\/04\/UIC_Nummernerkennung-1-768x1024.jpg\" alt=\"UIC-nummerherkenning\" class=\"wp-image-31828\" style=\"width:492px;height:auto\" srcset=\"https:\/\/essmann.com\/wp-content\/uploads\/2024\/04\/UIC_Nummernerkennung-1-768x1024.jpg 768w, https:\/\/essmann.com\/wp-content\/uploads\/2024\/04\/UIC_Nummernerkennung-1-225x300.jpg 225w, https:\/\/essmann.com\/wp-content\/uploads\/2024\/04\/UIC_Nummernerkennung-1.jpg 960w\" sizes=\"auto, (max-width: 768px) 100vw, 768px\" \/><\/figure>\n\n<\/div><\/div><\/div>\n\n<div class=\"gb-grid-column gb-grid-column-3134f121\"><div class=\"gb-container gb-container-3134f121\"><div class=\"gb-inside-container\">\n\n<h2 class=\"gb-headline gb-headline-038af88d gb-headline-text\">Wagontoewijzing tijdens dynamisch wegen: ESSMANN UIC-nummerherkenning<\/h2>\n\n\n\n<div class=\"gb-headline gb-headline-faaf52f3\"><span class=\"gb-icon\"><svg xmlns=\"http:\/\/www.w3.org\/2000\/svg\" viewbox=\"0 0 36.7 3\"><path d=\"M0 0h36.7v3H0z\"><\/path><\/svg><\/span><\/div>\n\n\n\n<p>ESSMANN | Waagen &amp; Automation heeft een nieuw <strong>UIC-nummerherkenningssysteem<\/strong> ontwikkeld om wagons direct toe te wijzen tijdens dynamisch wegen op onze spoorweegschalen. Deze innovatieve technologie vult statische of dynamische spoorwegers aan met een geautomatiseerd identificatiesysteem waarmee wagons kunnen worden herkend.   <\/p>\n\n\n\n<p>Het systeem is speciaal ontwikkeld voor de automatisering van weegprocessen voor spoorvoertuigen. Het is gebaseerd op de nieuwste technologie en maakt optische herkenning van verschillende UIC-nummers en labels mogelijk met behulp van geavanceerde software, camera&#8217;s en lichttechnologie. <\/p>\n\n\n\n<p>Voor betrouwbare UIC-nummerherkenning moet er speciale aandacht worden besteed aan verschillende omgevingsfactoren, zoals licht- en weersomstandigheden en de speciale vereisten in het spoorgebied.  <\/p>\n\n\n\n<p>Laat onze experts je adviseren over een oplossing op maat voor jouw spoorgebied.<\/p>\n\n\n<div class=\"gb-container gb-container-e06db0fd\"><div class=\"gb-inside-container\">\n<div class=\"gb-grid-wrapper gb-grid-wrapper-3b183dc5\">\n<div class=\"gb-grid-column gb-grid-column-74322eeb\"><div class=\"gb-container gb-container-74322eeb\"><div class=\"gb-inside-container\">\n<div class=\"gb-button-wrapper gb-button-wrapper-4a2269c5\">\n\n<a class=\"gb-button gb-button-1d91d7de gb-button-text button\" href=\"https:\/\/essmann.com\/nl\/contactverdeling\/\">Advies aanvragen<\/a>\n\n<\/div>\n<\/div><\/div><\/div>\n<\/div>\n<\/div><\/div>\n<\/div><\/div><\/div>\n<\/div>\n<\/div><\/div><div class=\"gb-container gb-container-ae717b25\"><div class=\"gb-inside-container\">\n<div class=\"gb-grid-wrapper gb-grid-wrapper-09f192c2\">\n<div class=\"gb-grid-column gb-grid-column-4e6f1514\"><div class=\"gb-container gb-container-4e6f1514\"><div class=\"gb-inside-container\">\n\n<p class=\"gb-headline gb-headline-c9008846 gb-headline-text\">UIC-nummerherkenning Functieoverzicht<\/p>\n\n\n\n<div class=\"gb-headline gb-headline-a044bd35\"><span class=\"gb-icon\"><svg xmlns=\"http:\/\/www.w3.org\/2000\/svg\" viewbox=\"0 0 36.7 3\"><path d=\"M0 0h36.7v3H0z\"><\/path><\/svg><\/span><\/div>\n\n\n\n<ul class=\"wp-block-list\">\n<li>Volledig ge\u00efntegreerd systeem met hardware en software van \u00e9\u00e9n leverancier<\/li>\n\n\n\n<li>Flexibele nummeridentificatie<\/li>\n\n\n\n<li>Krachtige nummerherkenning<\/li>\n\n\n\n<li>Ontworpen voor detectiepercentages van meer dan 95<\/li>\n\n\n\n<li>Gebruik van streep- en vlakbeeldtechnologie\u00ebn<\/li>\n\n\n\n<li>Voorbereid op gebruik overdag en &#8217;s nachts<\/li>\n\n\n\n<li>Kan worden ge\u00efntegreerd in bestaande systeemlandschappen met flexibele interfaces<\/li>\n<\/ul>\n\n<\/div><\/div><\/div>\n<\/div>\n<\/div><\/div><div class=\"gb-container gb-container-6b8913d6\"><div class=\"gb-inside-container\">\n\n<div class=\"wp-block-columns is-layout-flex wp-container-core-columns-is-layout-9d6595d7 wp-block-columns-is-layout-flex\">\n<div class=\"wp-block-column is-layout-flow wp-block-column-is-layout-flow\" style=\"flex-basis:33.33%\"><\/div>\n\n\n\n<div class=\"wp-block-column is-layout-flow wp-block-column-is-layout-flow\" style=\"flex-basis:66.66%\">\n<h2 class=\"wp-block-heading\">Wat is een UIC-nummer?<\/h2>\n\n\n\n<p>Het UIC-nummer (Union Internationale des Chemins de fer - Internationale Spoorwegunie) is een uniek identificatienummer voor goederen- en passagierswagons in het spoorvervoer. Het wordt gebruikt om wagons op een unieke manier toe te wijzen aan spoorwegondernemingen, infrastructuurbeheerders en overheidsinstanties. <\/p>\n\n\n\n<p>Een volledig UIC-nummer bestaat uit twaalf cijfers. De eerste twee cijfers staan voor de code van de uitwisselingsprocedure, terwijl het derde en vierde cijfer de UIC-landencode vormen. Het vijfde tot en met achtste cijfer geven de generieke code aan, gevolgd door het negende tot en met elfde cijfer, die het serienummer van een type weergeven. Het twaalfde cijfer is het zelfcontrolecijfer.   <\/p>\n\n\n\n<p>Sinds 2007 krijgen alle nieuw geregistreerde spoorvoertuigen ook een twaalfcijferig nummer, waardoor de tractie-eenheid duidelijk kan worden ge\u00efdentificeerd in het internationale voertuigregister.<\/p>\n<\/div>\n<\/div>\n\n\n\n<figure class=\"wp-block-image size-full\"><img loading=\"lazy\" decoding=\"async\" width=\"768\" height=\"424\" src=\"https:\/\/essmann.com\/wp-content\/uploads\/2024\/04\/UIC-Wagennummer-Detail-768x424-1.webp\" alt=\"\" class=\"wp-image-31830\" srcset=\"https:\/\/essmann.com\/wp-content\/uploads\/2024\/04\/UIC-Wagennummer-Detail-768x424-1.webp 768w, https:\/\/essmann.com\/wp-content\/uploads\/2024\/04\/UIC-Wagennummer-Detail-768x424-1-300x166.webp 300w\" sizes=\"auto, (max-width: 768px) 100vw, 768px\" \/><\/figure>\n\n\n\n<div style=\"height:29px\" aria-hidden=\"true\" class=\"wp-block-spacer\"><\/div>\n\n\n\n<p>In het bovenstaande voorbeeld is het UIC-nummer <strong>37 80 7840 157 7:<\/strong><\/p>\n\n\n\n<figure class=\"wp-block-table\"><table><tbody><tr><td>3<\/td><td>Code-uitwisselingsprocedure: kan internationaal worden gebruikt in grensoverschrijdend verkeer op het grondgebied van alleen RIV of RIV en PPW<\/td><\/tr><tr><td>7<\/td><td>Code Uitwisselingsprocedure: Spoorwagon met draaistellen en vaste spoorwijdte<\/td><\/tr><tr><td>80<\/td><td>UIC-landcode: Duitsland<\/td><\/tr><tr><td>7<\/td><td>Klassenletter Z - Ketelwagen<\/td><\/tr><tr><td>8<\/td><td>vier wielsets<\/td><\/tr><tr><td>40<\/td><td>Kenletter cns: Lossen met perslucht of luchtblazen, laadmassa bij belastingsgrens C: m &gt; 30 t voor tweeassige wagons \/ m &gt; 40 t voor drieassige wagons, goedgekeurd voor treinen tot 100 km\/u.  <\/td><\/tr><tr><td>157<\/td><td>Nummer in de serie<\/td><\/tr><tr><td>7<\/td><td>Zelfcontrolerend cijfer<\/td><\/tr><\/tbody><\/table><\/figure>\n\n\n\n<div class=\"wp-block-columns is-layout-flex wp-container-core-columns-is-layout-9d6595d7 wp-block-columns-is-layout-flex\">\n<div class=\"wp-block-column is-layout-flow wp-block-column-is-layout-flow\" style=\"flex-basis:33.33%\"><\/div>\n\n\n\n<div class=\"wp-block-column is-layout-flow wp-block-column-is-layout-flow\" style=\"flex-basis:66.66%\">\n<h2 class=\"wp-block-heading\">Waar is geautomatiseerde UIC-nummerherkenning voor nodig?<\/h2>\n\n\n\n<p>De automatische herkenning van UIC-nummers is vooral nuttig in combinatie met statische en dynamische spoorschalen. Veel van onze klanten gebruiken deze technologie met succes. Het grote voordeel is dat de weger de UIC-nummers niet meer handmatig in de weegresultaten hoeft in te voeren.    <\/p>\n\n\n\n<p>Om dit proces te vereenvoudigen, hebben we de afgelopen jaren interfaces voor de bovenliggende spoorwegsystemen van onze klanten ge\u00efntegreerd in onze EWP-GW spoorweegsoftware. Dit maakt het mogelijk om de wagonvolgorde van de trein samen met de UIC-nummers van het bovenliggende systeem door te sturen naar de weegsoftware. De weger hoeft niet langer het volledige UIC-nummer in het programma in te voeren voordat hij gaat wegen, maar vergelijkt eenvoudig het verzonden UIC-nummer in de software en voert de weging uit met \u00e9\u00e9n druk op de knop.    <\/p>\n\n\n\n<p>We hebben dit proces nog verder geautomatiseerd in onze dynamische spoorschalen. In de praktijk kan het echter in zeldzame gevallen voorkomen dat de wagonvolgorde verschilt van de wagonvolgorde in de software door veranderingen in de bedrijfsvolgorde. Hier biedt cameragebaseerde UIC-nummerherkenning extra zekerheid! Dit systeem kan achteraf worden ge\u00efnstalleerd op zowel statische als dynamische spoorschalen. We bieden ook de mogelijkheid om dit systeem achteraf in te bouwen in spoorweegschalen van andere fabrikanten.    <\/p>\n<\/div>\n<\/div>\n\n\n\n<div class=\"wp-block-columns is-layout-flex wp-container-core-columns-is-layout-9d6595d7 wp-block-columns-is-layout-flex\">\n<div class=\"wp-block-column is-layout-flow wp-block-column-is-layout-flow\" style=\"flex-basis:66.66%\">\n<h2 class=\"wp-block-heading\">Hoe werkt UIC-nummerherkenning met camera?<\/h2>\n\n\n\n<p>UIC-nummerherkenning is gebaseerd op videocamera&#8217;s met verlichtingseenheden die de passerende treinen aan beide zijden scannen en de beelden analyseren met onze EWP-software.<\/p>\n\n\n\n<p>De processtroom ziet er als volgt uit:<\/p>\n\n\n\n<ul class=\"wp-block-list\">\n<li>Het begin, het einde en de individuele wagons van de trein worden automatisch herkend door een algoritme en sensoren in het spoor.<\/li>\n\n\n\n<li>Afhankelijk van het tijdstip van de dag en de weersomstandigheden wordt de verlichting geactiveerd voor een goede herkenning van de camera, zelfs bij slecht zicht.<\/li>\n\n\n\n<li>De gegenereerde afbeeldingen worden toegewezen aan de individuele wagons.<\/li>\n\n\n\n<li>Het UIC-nummer wordt automatisch herkend door onze software en toegewezen aan het weegresultaat in onze weegsoftware.<\/li>\n<\/ul>\n\n\n\n<p>Onze technologie voor UIC-nummerherkenning is gebaseerd op OCR (Optical Character Recognition), wat intelligente beeldverwerking betekent. Beeldherkenning heeft twee belangrijke invloedsfactoren: <\/p>\n\n\n\n<ul class=\"wp-block-list\">\n<li>De kwaliteit van de software en het gebruikte detectiealgoritme<\/li>\n\n\n\n<li>De kwaliteit van de beeldtechnologie, de camera en de belichting<\/li>\n<\/ul>\n\n\n\n<p>De sleutelfactor is de kwaliteit van de detectiesoftware. De geavanceerdheid van de detectiesoftware, de intelligentie en kwaliteit van de gebruikte detectiealgoritmen, de wiskundige kennis en de jarenlange ervaring erachter bepalen de mogelijkheden van de detectiesoftware. <\/p>\n\n\n\n<p>Hoe beter de algoritmen, hoe hoger de kwaliteit van de detectiesoftware:<br\/> de hoogste detectienauwkeurigheid,<\/p>\n\n\n\n<ul class=\"wp-block-list\">\n<li>de hoogste verwerkingssnelheid,<\/li>\n\n\n\n<li>hoe groter het bereik van de beeldkwaliteit die het kan verwerken,<\/li>\n\n\n\n<li>hoe toleranter het is voor vervormingen in de invoergegevens.<\/li>\n<\/ul>\n\n\n\n<p>Onze weerbestendige camera&#8217;s en het verlichtingssysteem zijn gemonteerd op twee masten aan elke kant van het spoor. De communicatie vindt plaats via Ethernet naar een schakelkast waarin het besturingssysteem is ge\u00efnstalleerd. <\/p>\n<\/div>\n\n\n\n<div class=\"wp-block-column is-layout-flow wp-block-column-is-layout-flow\" style=\"flex-basis:33.33%\">\n<figure class=\"wp-block-image size-full\"><img loading=\"lazy\" decoding=\"async\" width=\"768\" height=\"548\" src=\"https:\/\/essmann.com\/wp-content\/uploads\/2024\/04\/Zug_Kamera_Erkennung-768x548-1.jpg\" alt=\"\" class=\"wp-image-31842\" srcset=\"https:\/\/essmann.com\/wp-content\/uploads\/2024\/04\/Zug_Kamera_Erkennung-768x548-1.jpg 768w, https:\/\/essmann.com\/wp-content\/uploads\/2024\/04\/Zug_Kamera_Erkennung-768x548-1-300x214.jpg 300w\" sizes=\"auto, (max-width: 768px) 100vw, 768px\" \/><\/figure>\n<\/div>\n<\/div>\n\n\n<div class=\"gb-container gb-container-5fc9fdeb\"><div class=\"gb-inside-container\">\n<div class=\"gb-grid-wrapper gb-grid-wrapper-a3ab2de9\">\n<div class=\"gb-grid-column gb-grid-column-c3e5e4c3\"><div class=\"gb-container gb-container-c3e5e4c3\"><div class=\"gb-inside-container\">\n<div class=\"gb-button-wrapper gb-button-wrapper-3ee7981c\">\n\n<a class=\"gb-button gb-button-898149ed gb-button-text button\" href=\"https:\/\/essmann.com\/nl\/contactverdeling\/\">Neem voor meer informatie contact met ons op<\/a>\n\n<\/div>\n<\/div><\/div><\/div>\n<\/div>\n<\/div><\/div>\n\n\n<h2 class=\"wp-block-heading\">Kenmerken en voordelen van ESSMANN UIC-nummerherkenning<\/h2>\n\n\n\n<div class=\"wp-block-columns is-layout-flex wp-container-core-columns-is-layout-9d6595d7 wp-block-columns-is-layout-flex\">\n<div class=\"wp-block-column is-layout-flow wp-block-column-is-layout-flow\">\n<p><strong>Kenmerken<\/strong><\/p>\n\n\n\n<p>De UIC-nummerherkenning van ESSMANN maakt gebruik van een algoritmegebaseerde aanpak en geavanceerde optische herkenningssoftware om gegevens in realtime vast te leggen en te verzenden. Het ondersteunt de identificatie van alle treinlengtes en goederenwagons, van goederentreinen tot goederenwagons. OCR voor UIC-nummerherkenning kan codes en labels lezen op goederencontainers, wagons, wagons en spoorvoertuigen. Het herkent ook codes of identificatienummers met een laag contrast, gestencild of ongelijk geschreven.   <\/p>\n\n\n\n<p>Ons UIC-nummerherkenningssysteem kan eenvoudig worden ge\u00efntegreerd in verschillende spoorweg-, ERP- en TOS-systemen met behulp van software-interfaces. Het maakt gebruik van energiezuinige solid-state LED-verlichting, die een uitstekende beeldkwaliteit garandeert. De hoge mate van nauwkeurigheid blijft zelfs bij slechte lichtomstandigheden behouden.  <\/p>\n<\/div>\n\n\n\n<div class=\"wp-block-column is-layout-flow wp-block-column-is-layout-flow\">\n<p><strong>Voordelen<\/strong><\/p>\n\n\n\n<p>UIC-nummerherkenning van ESSMANN | Waagen &amp; Automation is betrouwbaar, flexibel en handig. Het automatiseert het weegproces volledig en biedt talloze voordelen: <\/p>\n\n\n\n<ol class=\"wp-block-list\">\n<li><strong>Betrouwbaarheid<\/strong>: UIC-nummerherkenning verbetert de productiviteit en verhoogt de nauwkeurigheid.<\/li>\n\n\n\n<li><strong>Flexibiliteit<\/strong>: regelmatige updates elimineren kwetsbaarheden in de software en breiden de functies uit.<\/li>\n\n\n\n<li><strong>Gemak<\/strong>: Door de personeelskosten te verlagen, verlaagt het de kosten.<\/li>\n<\/ol>\n\n\n\n<p>Met UIC-nummerherkenning van ESSMANN | Waagen &amp; Automation kunt u uw processen effici\u00ebnt en duurzaam optimaliseren.<\/p>\n<\/div>\n<\/div>\n\n<\/div><\/div><div class=\"gb-container gb-container-20ab6fe0\"><div class=\"gb-inside-container\">\n<div class=\"gb-grid-wrapper gb-grid-wrapper-0cc6c5bb\">\n<div class=\"gb-grid-column gb-grid-column-27c2f3b9\"><div class=\"gb-container gb-container-27c2f3b9\"><div class=\"gb-inside-container\">\n\n<h3 class=\"gb-headline gb-headline-9d831325 gb-headline-text\">Ondersteuning voor UIC-nummerherkenning<\/h3>\n\n\n\n<div class=\"gb-headline gb-headline-00ac9778\"><span class=\"gb-icon\"><svg xmlns=\"http:\/\/www.w3.org\/2000\/svg\" viewbox=\"0 0 36.7 3\"><path d=\"M0 0h36.7v3H0z\"><\/path><\/svg><\/span><\/div>\n\n\n\n<p>Ons UIC-nummerherkenningssysteem is robuust en werkt betrouwbaar. Mochten er zich echter onvoorziene storingen voordoen, dan kun je contact opnemen met ons IT- en serviceteam via ons <strong><a href=\"https:\/\/support.essmann.com\/\" target=\"_blank\" rel=\"noreferrer noopener\">ondersteuningsformulier<\/a>.<\/strong> <\/p>\n\n\n<div class=\"gb-container gb-container-ca9816ba\"><div class=\"gb-inside-container\">\n<div class=\"gb-grid-wrapper gb-grid-wrapper-216855e0\">\n<div class=\"gb-grid-column gb-grid-column-2c8b0f1c\"><div class=\"gb-container gb-container-2c8b0f1c\"><div class=\"gb-inside-container\">\n<div class=\"gb-button-wrapper gb-button-wrapper-7fb2e995\">\n\n<a class=\"gb-button gb-button-956e63e3 gb-button-text button\" href=\"https:\/\/support.essmann.com\" target=\"_blank\" rel=\"noopener noreferrer\">Ondersteuning<\/a>\n\n<\/div>\n<\/div><\/div><\/div>\n<\/div>\n<\/div><\/div>\n<\/div><\/div><\/div>\n\n<div class=\"gb-grid-column gb-grid-column-dc8c5848\"><div class=\"gb-container gb-container-dc8c5848\"><div class=\"gb-inside-container\"><\/div><\/div><\/div>\n<\/div>\n<\/div><\/div><div class=\"gb-container gb-container-a565d987\"><div class=\"gb-inside-container\">\n<div class=\"gb-grid-wrapper gb-grid-wrapper-2579e744\">\n<div class=\"gb-grid-column gb-grid-column-582d4735\"><div class=\"gb-container gb-container-582d4735\"><div class=\"gb-inside-container\">\n<div class=\"gb-button-wrapper gb-button-wrapper-973b908d\">\n\n<a class=\"gb-button gb-button-f8b306f2 gb-button-text button\" href=\"https:\/\/essmann.com\/nl\/loesungen-fuer-den-gleisbereich\/\">Terug naar overzicht<\/a>\n\n<\/div>\n<\/div><\/div><\/div>\n<\/div>\n<\/div><\/div>","protected":false},"excerpt":{"rendered":"<p>Wat is een UIC-nummer? Het UIC-nummer (Union Internationale des Chemins de fer - Internationale Spoorwegunie) is een uniek identificatienummer voor goederen- en passagierswagons in het spoorvervoer. &#8230; <\/p>\n<p class=\"read-more-container\"><a title=\"ESSMANN UIC-nummerherkenning\" class=\"read-more button\" href=\"https:\/\/essmann.com\/nl\/uic-nummernerkennung-waggons\/#more-71573\" aria-label=\"Lees meer over ESSMANN UIC-nummerherkenning\">Lees meer<\/a><\/p>\n","protected":false},"author":7,"featured_media":0,"parent":0,"menu_order":0,"comment_status":"closed","ping_status":"closed","template":"","meta":{"_seopress_robots_primary_cat":"","_seopress_titles_title":"ESSMANN | UIC-nummerherkenning","_seopress_titles_desc":"UIC-nummerherkenning van ESSMANN | Waagen & Automation: robuust, zelflerend, flexibel aanpasbaar, werkt zelfs onder slechte weers- en lichtomstandigheden.","_seopress_robots_index":"","_jet_sm_ready_style":"","_jet_sm_style":"","_jet_sm_controls_values":"","_jet_sm_fonts_collection":"","_jet_sm_fonts_links":"","footnotes":""},"class_list":{"0":"post-71573","1":"page","2":"type-page","3":"status-publish","5":"infinite-scroll-item"},"_links":{"self":[{"href":"https:\/\/essmann.com\/nl\/wp-json\/wp\/v2\/pages\/71573","targetHints":{"allow":["GET"]}}],"collection":[{"href":"https:\/\/essmann.com\/nl\/wp-json\/wp\/v2\/pages"}],"about":[{"href":"https:\/\/essmann.com\/nl\/wp-json\/wp\/v2\/types\/page"}],"author":[{"embeddable":true,"href":"https:\/\/essmann.com\/nl\/wp-json\/wp\/v2\/users\/7"}],"replies":[{"embeddable":true,"href":"https:\/\/essmann.com\/nl\/wp-json\/wp\/v2\/comments?post=71573"}],"version-history":[{"count":1,"href":"https:\/\/essmann.com\/nl\/wp-json\/wp\/v2\/pages\/71573\/revisions"}],"predecessor-version":[{"id":71576,"href":"https:\/\/essmann.com\/nl\/wp-json\/wp\/v2\/pages\/71573\/revisions\/71576"}],"wp:attachment":[{"href":"https:\/\/essmann.com\/nl\/wp-json\/wp\/v2\/media?parent=71573"}],"curies":[{"name":"wp","href":"https:\/\/api.w.org\/{rel}","templated":true}]}}