{"id":71660,"date":"2023-07-28T14:05:28","date_gmt":"2023-07-28T12:05:28","guid":{"rendered":"https:\/\/essmann.com\/big-bag-beladung-entleerung\/"},"modified":"2025-03-26T14:49:57","modified_gmt":"2025-03-26T13:49:57","slug":"big-bag-beladung-entleerung","status":"publish","type":"page","link":"https:\/\/essmann.com\/nl\/big-bag-beladung-entleerung\/","title":{"rendered":"ESSMANN HE-BB vulsystemen voor grote zakken"},"content":{"rendered":"<div class=\"gb-container gb-container-8fe510c5\"><div class=\"gb-inside-container\">\n<div class=\"gb-grid-wrapper gb-grid-wrapper-fcc0f283\">\n<div class=\"gb-grid-column gb-grid-column-18445106\"><div class=\"gb-container gb-container-18445106\"><div class=\"gb-inside-container\">\n\n<figure class=\"wp-block-image size-full right-border img\"><img loading=\"lazy\" decoding=\"async\" width=\"1400\" height=\"712\" src=\"https:\/\/essmann.com\/wp-content\/uploads\/2024\/06\/big_bag_reiter_monheim.jpg\" alt=\"Vulsysteem voor grote zakken HE-BB\" class=\"wp-image-34501\" srcset=\"https:\/\/essmann.com\/wp-content\/uploads\/2024\/06\/big_bag_reiter_monheim.jpg 1400w, https:\/\/essmann.com\/wp-content\/uploads\/2024\/06\/big_bag_reiter_monheim-300x153.jpg 300w, https:\/\/essmann.com\/wp-content\/uploads\/2024\/06\/big_bag_reiter_monheim-1024x521.jpg 1024w, https:\/\/essmann.com\/wp-content\/uploads\/2024\/06\/big_bag_reiter_monheim-768x391.jpg 768w\" sizes=\"auto, (max-width: 1400px) 100vw, 1400px\" \/><figcaption class=\"wp-element-caption\">Vulsysteem voor grote zakken HE-BB<\/figcaption><\/figure>\n\n\n\n<figure class=\"wp-block-image size-full right-border img\"><img loading=\"lazy\" decoding=\"async\" width=\"563\" height=\"1000\" src=\"https:\/\/essmann.com\/wp-content\/uploads\/2024\/06\/big_bag_reiter_monheim_3.jpg\" alt=\"\" class=\"wp-image-34499\" srcset=\"https:\/\/essmann.com\/wp-content\/uploads\/2024\/06\/big_bag_reiter_monheim_3.jpg 563w, https:\/\/essmann.com\/wp-content\/uploads\/2024\/06\/big_bag_reiter_monheim_3-169x300.jpg 169w\" sizes=\"auto, (max-width: 563px) 100vw, 563px\" \/><figcaption class=\"wp-element-caption\">Vulsysteem voor grote zakken HE-BB<\/figcaption><\/figure>\n\n\n\n<figure class=\"wp-block-image size-full right-border img\"><img loading=\"lazy\" decoding=\"async\" width=\"1000\" height=\"1000\" src=\"https:\/\/essmann.com\/wp-content\/uploads\/2023\/07\/20230720_165143534_Reiter_schuettgutwaagewaage_NJ_web.jpg\" alt=\"Bulkweger Vulsysteem BigBags\" class=\"wp-image-29592\" srcset=\"https:\/\/essmann.com\/wp-content\/uploads\/2023\/07\/20230720_165143534_Reiter_schuettgutwaagewaage_NJ_web.jpg 1000w, https:\/\/essmann.com\/wp-content\/uploads\/2023\/07\/20230720_165143534_Reiter_schuettgutwaagewaage_NJ_web-300x300.jpg 300w, https:\/\/essmann.com\/wp-content\/uploads\/2023\/07\/20230720_165143534_Reiter_schuettgutwaagewaage_NJ_web-150x150.jpg 150w, https:\/\/essmann.com\/wp-content\/uploads\/2023\/07\/20230720_165143534_Reiter_schuettgutwaagewaage_NJ_web-768x768.jpg 768w\" sizes=\"auto, (max-width: 1000px) 100vw, 1000px\" \/><\/figure>\n\n<\/div><\/div><\/div>\n\n<div class=\"gb-grid-column gb-grid-column-3134f121\"><div class=\"gb-container gb-container-3134f121\"><div class=\"gb-inside-container\">\n\n<h2 class=\"gb-headline gb-headline-038af88d gb-headline-text\">Ons big bag-station: ESSMANN HE-BB vulsysteem<\/h2>\n\n\n\n<div class=\"gb-headline gb-headline-faaf52f3\"><span class=\"gb-icon\"><svg xmlns=\"http:\/\/www.w3.org\/2000\/svg\" viewbox=\"0 0 36.7 3\"><path d=\"M0 0h36.7v3H0z\"><\/path><\/svg><\/span><\/div>\n\n\n\n<p>De <strong>ESSMANN HE-BB big bag stations<\/strong> worden volledig geprefabriceerd op uw locatie afgeleverd. Ze bieden een effici\u00ebnte en betrouwbare oplossing voor het vullen en legen van big bags. Het big bag ledigingsstation kan <strong>big bags veilig, stofvrij en effici\u00ebnt <\/strong>ledigen. Hierdoor is het een onmisbare oplossing in diverse industri\u00eble toepassingen. Door gebruik te maken van ons big bag station kunnen geoptimaliseerde processen in uw bedrijf worden ge\u00efmplementeerd, waardoor de effici\u00ebntie en productiviteit toenemen. We zijn ook de ideale partner voor <strong><a href=\"https:\/\/essmann.com\/nl\/automation\/\">automatisering<\/a><\/strong> van het vullen van big bags, met speciale aanpassingen voor verschillende materiaalsoorten en integratie in bestaande systemen. Onze vulstations voor big bags voldoen aan alle relevante DIN-normen, de voorschriften van de <strong><a href=\"https:\/\/www.ptb.de\" target=\"_blank\" rel=\"noreferrer noopener\">Physikalisch-Technische Bundesanstalt<\/a><\/strong> (PTB) en de aanbevelingen van de <strong><a href=\"https:\/\/www.oiml.org\/en\" target=\"_blank\" rel=\"noopener noreferrer nofollow\">OIML<\/a><\/strong>. Ze zijn gebaseerd op op maat gemaakte oplossingen die het resultaat zijn van onze jarenlange ervaring in het verwerken van big bags.       <\/p>\n\n\n\n<h2 class=\"gb-headline gb-headline-fa37cfb8 gb-headline-text\">Handmatige big bag stations:<\/h2>\n\n\n\n<div class=\"gb-headline gb-headline-ae72dfdc\"><span class=\"gb-icon\"><svg xmlns=\"http:\/\/www.w3.org\/2000\/svg\" viewbox=\"0 0 36.7 3\"><path d=\"M0 0h36.7v3H0z\"><\/path><\/svg><\/span><\/div>\n\n\n\n<p>We bieden zowel handmatige big bag vulsystemen voor handmatige bediening en een lage verwerkingscapaciteit als volautomatische big bag vulsystemen. Onze vulstations voor big bags maken gecontroleerd en stofvrij legen mogelijk, wat bijdraagt aan een schone en veilige werkomgeving. De vulstations zijn ontworpen voor automatisch of handmatig wegen van big bags.  <\/p>\n\n\n\n<h2 class=\"gb-headline gb-headline-10f32ec8 gb-headline-text\">Geautomatiseerde big bag stations<\/h2>\n\n\n\n<div class=\"gb-headline gb-headline-396d93e0\"><span class=\"gb-icon\"><svg xmlns=\"http:\/\/www.w3.org\/2000\/svg\" viewbox=\"0 0 36.7 3\"><path d=\"M0 0h36.7v3H0z\"><\/path><\/svg><\/span><\/div>\n\n\n\n<p>Onze grote, volautomatische bigbag vulsystemen worden volledig geassembleerd en getest voor levering. We programmeren de processen en integreren ze in uw aangrenzende processen. We hebben onze eigen programmeerafdeling en eigen elektrotechnische productie voor de besturingscomponenten. Onze big bag stations zijn gemaakt van staal of roestvrij staal en zijn uitgerust met hoogwaardige load cells, klemmenkasten en weegterminals volgens onze ESSMANN-standaard. Dit garandeert een optimale service door onze servicetechnici, die in het hele land actief zijn, en benadrukt de essenti\u00eble componenten en de aanpasbaarheid van onze big bag-stations aan specifieke eisen van de klant, zoals in detail beschreven in de productbeschrijving van onze systemen.    <\/p>\n\n\n\n<p>Onze big bag stations zijn ontworpen voor automatisch of handmatig wegen en zijn optioneel ook Ex-gecertificeerd voor installatie in explosiegevaarlijke omgevingen. De HE-BB serie wordt gekenmerkt door zijn robuuste ontwerp en hoogwaardige componenten, die een hoge kwaliteit en betrouwbaarheid garanderen. <\/p>\n\n\n\n<p>Onze systemen hebben een modulair ontwerp, wat een hoge mate van flexibiliteit en aanpasbaarheid aan uw behoeften mogelijk maakt. Dankzij het modulaire ontwerp kunnen de stations naar wens worden aangepast en uitgebreid. <\/p>\n\n\n<div class=\"gb-container gb-container-e06db0fd\"><div class=\"gb-inside-container\">\n<div class=\"gb-grid-wrapper gb-grid-wrapper-3b183dc5\">\n<div class=\"gb-grid-column gb-grid-column-74322eeb\"><div class=\"gb-container gb-container-74322eeb\"><div class=\"gb-inside-container\">\n<div class=\"gb-button-wrapper gb-button-wrapper-4a2269c5\">\n\n<a class=\"gb-button gb-button-1d91d7de gb-button-text button\" href=\"https:\/\/essmann.com\/nl\/contactverdeling\/\">Laat ons u adviseren<\/a>\n\n<\/div>\n<\/div><\/div><\/div>\n<\/div>\n<\/div><\/div>\n<\/div><\/div><\/div>\n<\/div>\n\n\n<figure class=\"wp-block-image size-full is-resized\"><img loading=\"lazy\" decoding=\"async\" width=\"1024\" height=\"768\" src=\"https:\/\/essmann.com\/wp-content\/uploads\/2023\/05\/Durchlaufwaage_DSCI1489.jpg\" alt=\"BigBag vulsysteem met netto bulkweger, foto: Klaus H&#xFC;ber\" class=\"wp-image-29180\" style=\"width:1280px\" srcset=\"https:\/\/essmann.com\/wp-content\/uploads\/2023\/05\/Durchlaufwaage_DSCI1489.jpg 1024w, https:\/\/essmann.com\/wp-content\/uploads\/2023\/05\/Durchlaufwaage_DSCI1489-300x225.jpg 300w, https:\/\/essmann.com\/wp-content\/uploads\/2023\/05\/Durchlaufwaage_DSCI1489-768x576.jpg 768w\" sizes=\"auto, (max-width: 1024px) 100vw, 1024px\" \/><\/figure>\n\n<\/div><\/div><div class=\"gb-container gb-container-f4adfd9f\"><div class=\"gb-inside-container\">\n<div class=\"gb-grid-wrapper gb-grid-wrapper-69891760\">\n<div class=\"gb-grid-column gb-grid-column-bb98c157\"><div class=\"gb-container gb-container-bb98c157\"><div class=\"gb-inside-container\">\n\n<figure class=\"wp-block-image size-full right-border img\"><img loading=\"lazy\" decoding=\"async\" width=\"1400\" height=\"1146\" src=\"https:\/\/essmann.com\/wp-content\/uploads\/2024\/06\/big-bag.jpg\" alt=\"Drie verschillend gevulde lichtgekleurde big bags bijgesneden op een witte achtergrond\" class=\"wp-image-34469\" srcset=\"https:\/\/essmann.com\/wp-content\/uploads\/2024\/06\/big-bag.jpg 1400w, https:\/\/essmann.com\/wp-content\/uploads\/2024\/06\/big-bag-300x246.jpg 300w, https:\/\/essmann.com\/wp-content\/uploads\/2024\/06\/big-bag-1024x838.jpg 1024w, https:\/\/essmann.com\/wp-content\/uploads\/2024\/06\/big-bag-768x629.jpg 768w\" sizes=\"auto, (max-width: 1400px) 100vw, 1400px\" \/><\/figure>\n\n\n\n<div style=\"height:834px\" aria-hidden=\"true\" class=\"wp-block-spacer\"><\/div>\n\n\n\n<figure class=\"wp-block-image size-full right-border img\"><img loading=\"lazy\" decoding=\"async\" width=\"750\" height=\"1000\" src=\"https:\/\/essmann.com\/wp-content\/uploads\/2024\/06\/big_bag_reiter_ndp_ews.jpg\" alt=\"Klein bigbag vulstation met ESSMANN EWS 1 weegelektronica\" class=\"wp-image-34497\" srcset=\"https:\/\/essmann.com\/wp-content\/uploads\/2024\/06\/big_bag_reiter_ndp_ews.jpg 750w, https:\/\/essmann.com\/wp-content\/uploads\/2024\/06\/big_bag_reiter_ndp_ews-225x300.jpg 225w\" sizes=\"auto, (max-width: 750px) 100vw, 750px\" \/><figcaption class=\"wp-element-caption\">Klein bigbag vulstation met ESSMANN EWS 1 weegelektronica<\/figcaption><\/figure>\n\n<\/div><\/div><\/div>\n\n<div class=\"gb-grid-column gb-grid-column-12c850a6\"><div class=\"gb-container gb-container-12c850a6\"><div class=\"gb-inside-container\">\n\n<h2 class=\"gb-headline gb-headline-a7c42ab4 gb-headline-text\">Voordelen van onze ESSMANN HE-BB big bag stations:<\/h2>\n\n\n\n<div class=\"gb-headline gb-headline-19d37245\"><span class=\"gb-icon\"><svg xmlns=\"http:\/\/www.w3.org\/2000\/svg\" viewbox=\"0 0 36.7 3\"><path d=\"M0 0h36.7v3H0z\"><\/path><\/svg><\/span><\/div>\n\n\n\n<ul class=\"wp-block-list\">\n<li><strong>Volledige prefabricage<\/strong>: De big bag stations worden volledig geprefabriceerd op uw locatie afgeleverd, waardoor de installatietijd en -kosten aanzienlijk worden beperkt.<\/li>\n\n\n\n<li><strong>Voldoet aan alle normen<\/strong>: Onze big bag stations voldoen aan alle relevante DIN-normen, PTB-voorschriften en OIML-aanbevelingen.<\/li>\n\n\n\n<li><strong>Oplossingen op maat<\/strong>: Op basis van onze jarenlange ervaring bieden we oplossingen op maat voor uw specifieke eisen op het gebied van big bag handling. Onze systemen worden gekenmerkt door een modulair ontwerp dat een hoge mate van flexibiliteit en aanpasbaarheid aan uw behoeften mogelijk maakt. <\/li>\n\n\n\n<li><strong>Handmatige en automatische opties<\/strong>: We bieden zowel handmatige vulsystemen voor big bags voor een lagere verwerkingscapaciteit als volautomatische oplossingen voor hogere eisen, allemaal met een gebruiksvriendelijke bediening.<\/li>\n\n\n\n<li><strong>Stofvrij legen<\/strong>: Onze big bag-leegstations maken gecontroleerd en stofvrij legen van big bags mogelijk, wat bijdraagt aan een schone en veilige werkomgeving.<\/li>\n\n\n\n<li><strong>Componenten van hoge kwaliteit<\/strong>: Onze stations zijn uitgerust met hoogwaardige krachtopnemers, klemmenkasten en weegterminals om optimale prestaties en een lange levensduur te garanderen.<\/li>\n\n\n\n<li><strong>Ex-certificering<\/strong>: We bieden optionele Ex-gecertificeerde modellen voor gebruik in omgevingen met explosiegevaar.<\/li>\n\n\n\n<li><strong>Veelzijdige oplossingen voor het legen<\/strong>: Met onze oplossingen voor het legen van big bags bieden we een groot aantal opties voor het legen van big bags van verschillende formaten en types om te voldoen aan de specifieke vereisten van verschillende industrie\u00ebn.<\/li>\n<\/ul>\n\n\n\n<h2 class=\"gb-headline gb-headline-bbabf91e gb-headline-text\">Technische details en onderdelen:<\/h2>\n\n\n\n<div class=\"gb-headline gb-headline-f2a95c46\"><span class=\"gb-icon\"><svg xmlns=\"http:\/\/www.w3.org\/2000\/svg\" viewbox=\"0 0 36.7 3\"><path d=\"M0 0h36.7v3H0z\"><\/path><\/svg><\/span><\/div>\n\n\n\n<ul class=\"wp-block-list\">\n<li><strong>Materiaal<\/strong>: Onze big bag stations zijn gemaakt van robuust staal of roestvrij staal om te voldoen aan de eisen van een breed scala aan industri\u00eble toepassingen.<\/li>\n\n\n\n<li><strong>Weegcellen<\/strong>: Zeer nauwkeurige load cells zorgen voor een nauwkeurige weging van de big bags.<\/li>\n\n\n\n<li><strong>Klemmenkasten en weegterminals<\/strong>: het gebruik van ESSMANN standaardcomponenten maakt eenvoudig onderhoud en betrouwbare werking mogelijk.<\/li>\n\n\n\n<li><strong>Programmeerbaarheid<\/strong>: De processen kunnen individueel worden geprogrammeerd en naadloos worden ge\u00efntegreerd in uw bestaande processen.<\/li>\n\n\n\n<li><strong>Modulair ontwerp<\/strong>: De stations hebben een modulair ontwerp, waardoor ze flexibel kunnen worden aangepast aan verschillende vereisten.<\/li>\n\n\n\n<li><strong>Service en onderhoud<\/strong>: Ons landelijke serviceteam is beschikbaar voor onderhoud en ondersteuning om een hoog niveau van operationele gereedheid te garanderen.<\/li>\n<\/ul>\n\n\n\n<p>Leegstations voor big bags bieden ergonomische en veilige systemen voor het legen en lossen van big bags, inclusief technische details en onderdelen die geschikt zijn voor verschillende soorten big bags en materialen.<\/p>\n\n\n\n<h2 class=\"gb-headline gb-headline-b2525895 gb-headline-text\">Aanpassingsvermogen en flexibiliteit:<\/h2>\n\n\n\n<div class=\"gb-headline gb-headline-70130f79\"><span class=\"gb-icon\"><svg xmlns=\"http:\/\/www.w3.org\/2000\/svg\" viewbox=\"0 0 36.7 3\"><path d=\"M0 0h36.7v3H0z\"><\/path><\/svg><\/span><\/div>\n\n\n\n<p>Onze big bag-stations zijn geschikt voor verschillende soorten big bags, waaronder wegwerp- en herbruikbare big bags. De systemen kunnen worden aangepast aan verschillende bulkmaterialen en productieomgevingen om optimale effici\u00ebntie te garanderen. We bieden ook diverse opties voor maatwerk om aan specifieke eisen te voldoen, zoals speciale verbindingssystemen en afvoertrechters.  <\/p>\n\n\n\n<h2 class=\"gb-headline gb-headline-a07b4a3c gb-headline-text\">Typische industrie\u00ebn en toepassingen voor verschillende soorten big bags:<\/h2>\n\n\n\n<div class=\"gb-headline gb-headline-ca8066ae\"><span class=\"gb-icon\"><svg xmlns=\"http:\/\/www.w3.org\/2000\/svg\" viewbox=\"0 0 36.7 3\"><path d=\"M0 0h36.7v3H0z\"><\/path><\/svg><\/span><\/div>\n\n\n\n<p>Onze big bag stations worden gebruikt in een groot aantal industrie\u00ebn, waaronder<\/p>\n\n\n\n<ul class=\"wp-block-list\">\n<li><strong>Chemische industrie<\/strong>: voor de veilige en effici\u00ebnte verwerking van chemicali\u00ebn in bulk.<\/li>\n\n\n\n<li><strong>Voer<\/strong>: Geoptimaliseerde oplossingen voor het vullen en legen van voer.<\/li>\n\n\n\n<li><strong>Bouwmaterialen<\/strong>: Robuuste en betrouwbare systemen voor de bouwmaterialensector.<\/li>\n\n\n\n<li><strong>Hout en pellets<\/strong>: effici\u00ebnte vul- en ledigingssystemen voor houtpellets en vergelijkbare materialen.<\/li>\n\n\n\n<li><strong>Recycling<\/strong>: Oplossingen voor het verwerken van recyclebare bulkmaterialen.<\/li>\n\n\n\n<li><strong>Glas<\/strong>: Gespecialiseerde systemen voor de glasindustrie.<\/li>\n\n\n\n<li><strong>Cement<\/strong>: zware systemen voor de productie en verwerking van cement.<\/li>\n\n\n\n<li><strong>Kunststoffen<\/strong>: Nauwkeurig wegen en legen van kunststofpellets.<\/li>\n\n\n\n<li><strong>Staal<\/strong>: Systemen voor de behandeling van staalproducten.<\/li>\n\n\n\n<li><strong>Voeding<\/strong>: Hygi\u00ebnische en veilige oplossingen voor de voedingsindustrie.<\/li>\n\n\n\n<li><strong>Vaste stoffen in bulk<\/strong>: Universele systemen voor een breed scala aan vaste stoffen in bulk.<\/li>\n<\/ul>\n\n\n\n<h2 class=\"gb-headline gb-headline-bd3cde71 gb-headline-text\">Extra voordelen en diensten:<\/h2>\n\n\n\n<div class=\"gb-headline gb-headline-1e1ad637\"><span class=\"gb-icon\"><svg xmlns=\"http:\/\/www.w3.org\/2000\/svg\" viewbox=\"0 0 36.7 3\"><path d=\"M0 0h36.7v3H0z\"><\/path><\/svg><\/span><\/div>\n\n\n\n<p>Onze ESSMANN HE-BB big bag stations bieden talloze extra voordelen en services:<\/p>\n\n\n\n<ul class=\"wp-block-list\">\n<li><strong>Volautomatische systemen<\/strong>: Onze volautomatische vulsystemen voor big bags zijn volledig geassembleerd en getest voor levering, zodat ze onmiddellijk klaar zijn voor gebruik.<\/li>\n\n\n\n<li><strong>Ge\u00efntegreerde besturing<\/strong>: De besturingssystemen worden aangepast aan uw specifieke processen en bieden een eenvoudige bediening en bewaking.<\/li>\n\n\n\n<li><strong>Externe componenten<\/strong>: We bieden een verscheidenheid aan externe componenten zoals schroeftransporteurs en transportsystemen om uw productieomgeving optimaal te ondersteunen.<\/li>\n\n\n\n<li><strong>Oplossingen op maat<\/strong>: We ontwikkelen oplossingen op maat die perfect zijn afgestemd op uw vereisten en bedrijfsomstandigheden.<\/li>\n\n\n\n<li><strong>Ervaren ondersteuning<\/strong>: Ons ervaren ondersteuningsteam staat klaar om je vragen te beantwoorden en uitgebreide hulp en ondersteuning te bieden.<\/li>\n<\/ul>\n\n\n\n<h2 class=\"gb-headline gb-headline-e5a82319 gb-headline-text\">Conclusie over het legen van big bags:<\/h2>\n\n\n\n<div class=\"gb-headline gb-headline-486bccbf\"><span class=\"gb-icon\"><svg xmlns=\"http:\/\/www.w3.org\/2000\/svg\" viewbox=\"0 0 36.7 3\"><path d=\"M0 0h36.7v3H0z\"><\/path><\/svg><\/span><\/div>\n\n\n\n<p>De ESSMANN HE-BB big bag stations zijn de ideale oplossing voor het vullen en legen van big bags in een groot aantal industrie\u00ebn. Met hun robuuste ontwerp, hoogwaardige componenten en de mogelijkheid om ze aan te passen aan specifieke eisen, bieden ze een betrouwbare en effici\u00ebnte oplossing voor het verwerken van bulkmaterialen. Dankzij onze jarenlange ervaring en expertise op het gebied van big bag-systemen kunnen we u oplossingen op maat bieden die precies zijn afgestemd op uw behoeften. Vertrouw op de kwaliteit en betrouwbaarheid van de ESSMANN HE-BB-serie en optimaliseer uw productieprocessen met onze state-of-the-art big bag-stations.   <\/p>\n\n<\/div><\/div><\/div>\n<\/div>\n<\/div><\/div><div class=\"gb-container gb-container-a64a1144\"><div class=\"gb-inside-container\">\n<div class=\"gb-grid-wrapper gb-grid-wrapper-89472a7a\">\n<div class=\"gb-grid-column gb-grid-column-1d7a5d59\"><div class=\"gb-container gb-container-1d7a5d59\"><div class=\"gb-inside-container\">\n<div class=\"gb-button-wrapper gb-button-wrapper-af671e28\">\n\n<a class=\"gb-button gb-button-04f2d4b4 gb-button-text button\" href=\"https:\/\/essmann.com\/nl\/schuettgutwaagen\/\">Naar het overzicht Bulkschalen<\/a>\n\n<\/div>\n<\/div><\/div><\/div>\n<\/div>\n\n\n<div style=\"height:4px\" aria-hidden=\"true\" class=\"wp-block-spacer\"><\/div>\n\n\n<div class=\"gb-container gb-container-95947b81\">\n<div class=\"gb-button-wrapper gb-button-wrapper-4d398527\">\n\n<a class=\"gb-button gb-button-6220a16a gb-button-text button\" href=\"https:\/\/essmann.com\/nl\/contactverdeling\/\">Contact verkoop<\/a>\n\n<\/div>\n<\/div>\n<\/div><\/div>","protected":false},"excerpt":{"rendered":"","protected":false},"author":7,"featured_media":0,"parent":0,"menu_order":0,"comment_status":"closed","ping_status":"closed","template":"","meta":{"_seopress_robots_primary_cat":"","_seopress_titles_title":"ESSMANN HE-BB | Effici\u00ebnte vul- en ledigingsstations voor big bags","_seopress_titles_desc":"Hoogwaardige big bag-stations voor stofvrij vullen en legen. Optimaliseer uw processen met HE-BB. Neem contact met ons op!  ","_seopress_robots_index":"","_jet_sm_ready_style":"","_jet_sm_style":"","_jet_sm_controls_values":"","_jet_sm_fonts_collection":"","_jet_sm_fonts_links":"","footnotes":""},"class_list":{"0":"post-71660","1":"page","2":"type-page","3":"status-publish","5":"infinite-scroll-item"},"_links":{"self":[{"href":"https:\/\/essmann.com\/nl\/wp-json\/wp\/v2\/pages\/71660","targetHints":{"allow":["GET"]}}],"collection":[{"href":"https:\/\/essmann.com\/nl\/wp-json\/wp\/v2\/pages"}],"about":[{"href":"https:\/\/essmann.com\/nl\/wp-json\/wp\/v2\/types\/page"}],"author":[{"embeddable":true,"href":"https:\/\/essmann.com\/nl\/wp-json\/wp\/v2\/users\/7"}],"replies":[{"embeddable":true,"href":"https:\/\/essmann.com\/nl\/wp-json\/wp\/v2\/comments?post=71660"}],"version-history":[{"count":1,"href":"https:\/\/essmann.com\/nl\/wp-json\/wp\/v2\/pages\/71660\/revisions"}],"predecessor-version":[{"id":71664,"href":"https:\/\/essmann.com\/nl\/wp-json\/wp\/v2\/pages\/71660\/revisions\/71664"}],"wp:attachment":[{"href":"https:\/\/essmann.com\/nl\/wp-json\/wp\/v2\/media?parent=71660"}],"curies":[{"name":"wp","href":"https:\/\/api.w.org\/{rel}","templated":true}]}}