{"id":71729,"date":"2023-06-05T11:08:52","date_gmt":"2023-06-05T09:08:52","guid":{"rendered":"https:\/\/essmann.com\/waegesoftware-ewpsmart-single-user\/"},"modified":"2025-06-03T23:12:11","modified_gmt":"2025-06-03T21:12:11","slug":"waegesoftware-ewpsmart-single-user","status":"publish","type":"page","link":"https:\/\/essmann.com\/nl\/waegesoftware-ewpsmart-single-user\/","title":{"rendered":"Weegsoftware EWPsmart - Enkele gebruiker"},"content":{"rendered":"<div class=\"gb-container gb-container-8fe510c5\"><div class=\"gb-inside-container\">\n<div class=\"gb-grid-wrapper gb-grid-wrapper-fcc0f283\">\n<div class=\"gb-grid-column gb-grid-column-18445106\"><div class=\"gb-container gb-container-18445106\"><div class=\"gb-inside-container\">\n\n<figure class=\"wp-block-image size-full right-border img\"><img loading=\"lazy\" decoding=\"async\" width=\"702\" height=\"570\" src=\"https:\/\/essmann.com\/wp-content\/uploads\/2023\/06\/EWPsmart.webp\" alt=\"\" class=\"wp-image-29218\" srcset=\"https:\/\/essmann.com\/wp-content\/uploads\/2023\/06\/EWPsmart.webp 702w, https:\/\/essmann.com\/wp-content\/uploads\/2023\/06\/EWPsmart-300x244.webp 300w\" sizes=\"auto, (max-width: 702px) 100vw, 702px\" \/><\/figure>\n\n<\/div><\/div><\/div>\n\n<div class=\"gb-grid-column gb-grid-column-3134f121\"><div class=\"gb-container gb-container-3134f121\"><div class=\"gb-inside-container\">\n\n<h2 class=\"gb-headline gb-headline-038af88d gb-headline-text\">Slank, snel, betrouwbaar, eenvoudig: EWPsmart<\/h2>\n\n\n\n<div class=\"gb-headline gb-headline-faaf52f3\"><span class=\"gb-icon\"><svg xmlns=\"http:\/\/www.w3.org\/2000\/svg\" viewbox=\"0 0 36.7 3\"><path d=\"M0 0h36.7v3H0z\"><\/path><\/svg><\/span><\/div>\n\n\n\n<p>EWPsmart is de gebruiksvriendelijke software voor \u00e9\u00e9n gebruiker voor bedrijven met slechts \u00e9\u00e9n weegstation. Het wordt onder andere gebruikt in recyclingcentra, de landbouw en de grondstoffenhandel en is ontworpen voor vrachtwagenweegschalen en zelfbedieningssystemen voor chauffeurs. <\/p>\n\n\n\n<p>In de EWPsmart weegsoftware hebben we de basisfuncties van <a href=\"https:\/\/essmann.com\/nl\/waegesoftware-ewp-multi-user\/\" data-type=\"page\" data-id=\"29223\"><strong>EWP<\/strong><\/a> gecombineerd voor een eenvoudig en kosteneffici\u00ebnt weegproces.<\/p>\n\n\n\n<p>EWPsmart is intu\u00eftief ontworpen, kan door vrijwel iedereen worden bediend en vereist geen tijdrovende inwerkperiode.<\/p>\n\n\n\n<div style=\"height:42px\" aria-hidden=\"true\" class=\"wp-block-spacer\"><\/div>\n\n\n<div class=\"gb-button-wrapper gb-button-wrapper-4a2269c5\">\n\n<a class=\"gb-button gb-button-1d91d7de gb-button-text button\" href=\"https:\/\/essmann.com\/nl\/contactverdeling\/\">Contact verkoop<\/a>\n\n<\/div>\n<\/div><\/div><\/div>\n<\/div>\n<\/div><\/div><div class=\"gb-container gb-container-ae717b25\"><div class=\"gb-inside-container\">\n<div class=\"gb-grid-wrapper gb-grid-wrapper-09f192c2\">\n<div class=\"gb-grid-column gb-grid-column-4e6f1514\"><div class=\"gb-container gb-container-4e6f1514\"><div class=\"gb-inside-container\">\n\n<p class=\"gb-headline gb-headline-c9008846 gb-headline-text\">EWP smart kernfuncties<\/p>\n\n\n\n<div class=\"gb-headline gb-headline-a044bd35\"><span class=\"gb-icon\"><svg xmlns=\"http:\/\/www.w3.org\/2000\/svg\" viewbox=\"0 0 36.7 3\"><path d=\"M0 0h36.7v3H0z\"><\/path><\/svg><\/span><\/div>\n\n\n<div class=\"gb-grid-wrapper gb-grid-wrapper-ba93675f\">\n<div class=\"gb-grid-column gb-grid-column-b64bf811\"><div class=\"gb-container gb-container-b64bf811\"><div class=\"gb-inside-container\">\n\n<p class=\"gb-headline gb-headline-f3ba0d43 gb-headline-text\">Gebruiker<\/p>\n\n\n\n<p class=\"gb-headline gb-headline-728a2bb3 gb-headline-text\"><em>1<\/em><\/p>\n\n<\/div><\/div><\/div>\n\n<div class=\"gb-grid-column gb-grid-column-20237e0d\"><div class=\"gb-container gb-container-20237e0d\"><div class=\"gb-inside-container\">\n\n<p class=\"gb-headline gb-headline-92fdedea gb-headline-text\">Systeem-<br>Voorwaarde<\/p>\n\n\n\n<p class=\"gb-headline gb-headline-1c483c91 gb-headline-text\"><em>Windows 11  <\/em><\/p>\n\n<\/div><\/div><\/div>\n\n<div class=\"gb-grid-column gb-grid-column-7903ba4b\"><div class=\"gb-container gb-container-7903ba4b\"><div class=\"gb-inside-container\">\n\n<p class=\"gb-headline gb-headline-4ef56a99 gb-headline-text\">Compatibiliteit<\/p>\n\n\n\n<p class=\"gb-headline gb-headline-94b5ae78 gb-headline-text\"><em><em>omlaag naar Windows 7<\/em><\/em><\/p>\n\n<\/div><\/div><\/div>\n<\/div>\n\n\n<p class=\"gb-headline gb-headline-6888d84b gb-headline-text\">Functies<\/p>\n\n\n\n<div class=\"gb-headline gb-headline-c93c065b\"><span class=\"gb-icon\"><svg xmlns=\"http:\/\/www.w3.org\/2000\/svg\" viewbox=\"0 0 36.7 3\"><path d=\"M0 0h36.7v3H0z\"><\/path><\/svg><\/span><\/div>\n\n\n\n<ul class=\"wp-block-list\">\n<li>Registratie van weeggegevens in de weegsoftware met eerste weging en tweede weging<\/li>\n\n\n\n<li>Stamgegevensbeheer voor voertuigen, expediteurs, klanten, goederenontvangers, materialen<\/li>\n\n\n\n<li>Compatibel met zelfbediening voor chauffeurs via radiobediening\/RFID\/scanner<\/li>\n\n\n\n<li>Activering van het roterende spiegellicht om aan te geven dat het weegproces is geslaagd<\/li>\n\n\n\n<li>Aanpasbaar weegkaartje  <\/li>\n\n\n\n<li>Automatische PDF weegbonnen<\/li>\n\n\n\n<li>Uitgebreide individuele statistieken over tijdsperioden en gebieden, filterbaar<\/li>\n\n\n\n<li>Gegevensexport naar voor het exporteren van weeggegevensrecords naar systemen op een hoger niveau<\/li>\n\n\n\n<li>Automatische back-up van de weegbriefdatabase mogelijk lokaal, extern of op een netwerkstation<\/li>\n\n\n\n<li>EWPsmart mobiele modules voor onze apps<strong><a href=\"https:\/\/essmann.com\/nl\/waege-app-fuer-das-smartphone\/\" data-type=\"page\" data-id=\"30282\"> EWA connect en EWA remote<\/a><\/strong> als afstandsbediening vanuit de cabine.<\/li>\n<\/ul>\n\n<\/div><\/div><\/div>\n<\/div>\n<\/div><\/div><div class=\"gb-container gb-container-1f312e32\">\n\n<div style=\"height:66px\" aria-hidden=\"true\" class=\"wp-block-spacer\"><\/div>\n\n\n\n<div class=\"wp-block-columns is-layout-flex wp-container-core-columns-is-layout-9d6595d7 wp-block-columns-is-layout-flex\">\n<div class=\"wp-block-column is-layout-flow wp-block-column-is-layout-flow\" style=\"flex-basis:25%\"><\/div>\n\n\n\n<div class=\"wp-block-column is-layout-flow wp-block-column-is-layout-flow\" style=\"flex-basis:50%\">\n<h2 class=\"gb-headline gb-headline-a9607d2e gb-headline-text\">Tip voor weegschaalbouwers: <br>Weegsoftware EWP Suite<\/h2>\n\n\n\n<p class=\"has-text-align-center has-base-3-color has-text-color\">Heb je uitgebreidere functies nodig, de mogelijkheid om meerdere gebruikers aan te maken en wil je ze aanpassen?<br\/>Lees meer over onze EWP Suite.<\/p>\n\n\n<div class=\"gb-container gb-container-e27ab28b\"><div class=\"gb-inside-container\">\n<div class=\"gb-grid-wrapper gb-grid-wrapper-33fd0eba\">\n<div class=\"gb-grid-column gb-grid-column-adc20b2c\"><div class=\"gb-container gb-container-adc20b2c\"><div class=\"gb-inside-container\">\n<div class=\"gb-container gb-container-4ca49c14\">\n<div class=\"gb-button-wrapper gb-button-wrapper-5d0c9fe1\">\n\n<a class=\"gb-button gb-button-90720a25 gb-button-text button\" href=\"https:\/\/essmann.com\/nl\/waegesoftware-ewp-multi-user\/\">Naar de weegsoftware van EWP Suite<\/a>\n\n<\/div>\n<\/div>\n<\/div><\/div><\/div>\n<\/div>\n\n\n<div style=\"height:32px\" aria-hidden=\"true\" class=\"wp-block-spacer\"><\/div>\n\n<\/div><\/div><\/div>\n\n\n\n<div class=\"wp-block-column is-layout-flow wp-block-column-is-layout-flow\" style=\"flex-basis:25%\">\n<figure class=\"wp-block-image size-large\"><img loading=\"lazy\" decoding=\"async\" width=\"1024\" height=\"1024\" src=\"https:\/\/essmann.com\/wp-content\/uploads\/2023\/09\/Wagenbauer-Kreis-1024x1024.png\" alt=\"\" class=\"wp-image-29942\" srcset=\"https:\/\/essmann.com\/wp-content\/uploads\/2023\/09\/Wagenbauer-Kreis-1024x1024.png 1024w, https:\/\/essmann.com\/wp-content\/uploads\/2023\/09\/Wagenbauer-Kreis-300x300.png 300w, https:\/\/essmann.com\/wp-content\/uploads\/2023\/09\/Wagenbauer-Kreis-150x150.png 150w, https:\/\/essmann.com\/wp-content\/uploads\/2023\/09\/Wagenbauer-Kreis-768x768.png 768w, https:\/\/essmann.com\/wp-content\/uploads\/2023\/09\/Wagenbauer-Kreis.png 1449w\" sizes=\"auto, (max-width: 1024px) 100vw, 1024px\" \/><\/figure>\n<\/div>\n<\/div>\n\n<\/div><div class=\"gb-container gb-container-6b8913d6\"><div class=\"gb-inside-container\">\n<div class=\"gb-container gb-container-e06db0fd\"><div class=\"gb-inside-container\">\n\n<h2 class=\"gb-headline gb-headline-10afacf4 gb-headline-text\">Neem contact met ons op<\/h2>\n\n\n\n<p class=\"has-text-align-center\">Wilt u meer weten over onze EWP-toepassingen voor de industri\u00eble weegsector? Neem gerust contact met ons op of lees meer over onze andere EWP-oplossingen op <br\/>. <\/p>\n\n\n<div class=\"gb-grid-wrapper gb-grid-wrapper-3b183dc5\">\n<div class=\"gb-grid-column gb-grid-column-74322eeb\"><div class=\"gb-container gb-container-74322eeb\"><div class=\"gb-inside-container\">\n<div class=\"gb-button-wrapper gb-button-wrapper-b9ca88fb\">\n\n<a class=\"gb-button gb-button-508b0087 gb-button-text button\" href=\"https:\/\/essmann.com\/nl\/contactverdeling\/\">Contact verkoop<\/a>\n\n<\/div>\n\n<div class=\"gb-button-wrapper gb-button-wrapper-744b1332\">\n\n<a class=\"gb-button gb-button-fc8360a5 gb-button-text button\" href=\"https:\/\/essmann.com\/nl\/waegesoftware-ewp\/\">Terug naar het EWP-overzicht<\/a>\n\n<\/div>\n<\/div><\/div><\/div>\n<\/div>\n<\/div><\/div>\n\n\n<div style=\"height:28px\" aria-hidden=\"true\" class=\"wp-block-spacer\"><\/div>\n\n<\/div><\/div><div class=\"gb-container gb-container-20ab6fe0\"><div class=\"gb-inside-container\">\n<div class=\"gb-grid-wrapper gb-grid-wrapper-0cc6c5bb\">\n<div class=\"gb-grid-column gb-grid-column-27c2f3b9\"><div class=\"gb-container gb-container-27c2f3b9\"><div class=\"gb-inside-container\">\n\n<h3 class=\"gb-headline gb-headline-9d831325 gb-headline-text\">EWPsmart Ondersteuning<\/h3>\n\n\n\n<div class=\"gb-headline gb-headline-00ac9778\"><span class=\"gb-icon\"><svg xmlns=\"http:\/\/www.w3.org\/2000\/svg\" viewbox=\"0 0 36.7 3\"><path d=\"M0 0h36.7v3H0z\"><\/path><\/svg><\/span><\/div>\n\n\n\n<p>EWPsmart werkt betrouwbaar en vereist weinig onderhoud. Als er echter storingen optreden in de workflow, biedt ons supportteam je hulp via onderhoud op afstand van maandag tot en met vrijdag van 9.00 tot 17.00 uur. De snelste manier om contact op te nemen met ons supportteam is via ons <strong><a rel=\"noreferrer noopener\" href=\"https:\/\/support.essmann.com\/\" target=\"_blank\">supportformulier<\/a>.<\/strong>  <\/p>\n\n\n<div class=\"gb-button-wrapper gb-button-wrapper-df61122f\">\n\n<a class=\"gb-button gb-button-43f9cb67 gb-button-text button\" href=\"https:\/\/support.essmann.com\" target=\"_blank\" rel=\"noopener noreferrer\">Contact opnemen met IT-ondersteuning<\/a>\n\n<\/div>\n<\/div><\/div><\/div>\n\n<div class=\"gb-grid-column gb-grid-column-dc8c5848\"><div class=\"gb-container gb-container-dc8c5848\"><div class=\"gb-inside-container\"><\/div><\/div><\/div>\n<\/div>\n<\/div><\/div><div class=\"gb-container gb-container-0586acc1\"><div class=\"gb-inside-container\">\n<div class=\"gb-grid-wrapper gb-grid-wrapper-b1b47a2d\">\n<div class=\"gb-grid-column gb-grid-column-f8626120\"><div class=\"gb-container gb-container-f8626120\"><div class=\"gb-inside-container\">\n<div class=\"gb-button-wrapper gb-button-wrapper-b6b8d731\">\n\n<a class=\"gb-button gb-button-c43c34d4 gb-button-text button\" href=\"https:\/\/essmann.com\/nl\/waegesoftware-ewp\/\">Terug naar het EWP-overzicht<\/a>\n\n<\/div>\n<\/div><\/div><\/div>\n<\/div>\n<\/div><\/div>","protected":false},"excerpt":{"rendered":"<p>Tip voor weegschaalbouwers: Weegsoftware EWP Suite Heb je uitgebreidere functies nodig, de mogelijkheid om meerdere gebruikers aan te maken en wil je ze aanpassen?Lees meer over &#8230; <\/p>\n<p class=\"read-more-container\"><a title=\"Weegsoftware EWPsmart - Enkele gebruiker\" class=\"read-more button\" href=\"https:\/\/essmann.com\/nl\/waegesoftware-ewpsmart-single-user\/#more-71729\" aria-label=\"Lees meer over Weegsoftware EWPsmart - Enkele gebruiker\">Lees meer<\/a><\/p>\n","protected":false},"author":7,"featured_media":0,"parent":0,"menu_order":0,"comment_status":"closed","ping_status":"closed","template":"","meta":{"_seopress_robots_primary_cat":"","_seopress_titles_title":"ESSMANN | Weegsoftware EWPsmart - Enkelvoudige gebruiker","_seopress_titles_desc":"Gebruiksvriendelijke weegsoftware voor recycling, landbouw en handel. Weinig training vereist, snel en effici\u00ebnt. ","_seopress_robots_index":"","_jet_sm_ready_style":"","_jet_sm_style":"","_jet_sm_controls_values":"","_jet_sm_fonts_collection":"","_jet_sm_fonts_links":"","footnotes":""},"class_list":{"0":"post-71729","1":"page","2":"type-page","3":"status-publish","5":"infinite-scroll-item"},"_links":{"self":[{"href":"https:\/\/essmann.com\/nl\/wp-json\/wp\/v2\/pages\/71729","targetHints":{"allow":["GET"]}}],"collection":[{"href":"https:\/\/essmann.com\/nl\/wp-json\/wp\/v2\/pages"}],"about":[{"href":"https:\/\/essmann.com\/nl\/wp-json\/wp\/v2\/types\/page"}],"author":[{"embeddable":true,"href":"https:\/\/essmann.com\/nl\/wp-json\/wp\/v2\/users\/7"}],"replies":[{"embeddable":true,"href":"https:\/\/essmann.com\/nl\/wp-json\/wp\/v2\/comments?post=71729"}],"version-history":[{"count":4,"href":"https:\/\/essmann.com\/nl\/wp-json\/wp\/v2\/pages\/71729\/revisions"}],"predecessor-version":[{"id":83764,"href":"https:\/\/essmann.com\/nl\/wp-json\/wp\/v2\/pages\/71729\/revisions\/83764"}],"wp:attachment":[{"href":"https:\/\/essmann.com\/nl\/wp-json\/wp\/v2\/media?parent=71729"}],"curies":[{"name":"wp","href":"https:\/\/api.w.org\/{rel}","templated":true}]}}